{"id":3,"date":"2022-09-28T02:17:30","date_gmt":"2022-09-28T02:17:30","guid":{"rendered":"https:\/\/cnlearning.apc.org\/?page_id=3"},"modified":"2022-12-16T22:01:16","modified_gmt":"2022-12-17T03:01:16","slug":"politica-de-privacidad","status":"publish","type":"page","link":"https:\/\/cnlearning.apc.org\/es\/politica-de-privacidad\/","title":{"rendered":"Pol\u00edtica de Privacidad"},"content":{"rendered":"<div data-elementor-type=\"wp-page\" data-elementor-id=\"3\" class=\"elementor elementor-3\" data-elementor-post-type=\"page\">\n\t\t\t\t\t\t<section data-particle_enable=\"false\" data-particle-mobile-disabled=\"false\" class=\"elementor-section elementor-top-section elementor-element elementor-element-1838007 elementor-section-boxed elementor-section-height-default elementor-section-height-default\" data-id=\"1838007\" data-element_type=\"section\" data-e-type=\"section\" data-settings=\"{&quot;background_background&quot;:&quot;classic&quot;,&quot;shape_divider_bottom&quot;:&quot;waves&quot;,&quot;shape_divider_bottom_negative&quot;:&quot;yes&quot;}\">\n\t\t\t\t\t<div class=\"elementor-shape elementor-shape-bottom\" aria-hidden=\"true\" data-negative=\"true\">\n\t\t\t<svg xmlns=\"http:\/\/www.w3.org\/2000\/svg\" viewbox=\"0 0 1000 100\" preserveaspectratio=\"none\">\n\t<path class=\"elementor-shape-fill\" d=\"M790.5,93.1c-59.3-5.3-116.8-18-192.6-50c-29.6-12.7-76.9-31-100.5-35.9c-23.6-4.9-52.6-7.8-75.5-5.3\tc-10.2,1.1-22.6,1.4-50.1,7.4c-27.2,6.3-58.2,16.6-79.4,24.7c-41.3,15.9-94.9,21.9-134,22.6C72,58.2,0,25.8,0,25.8V100h1000V65.3\tc0,0-51.5,19.4-106.2,25.7C839.5,97,814.1,95.2,790.5,93.1z\"\/>\n<\/svg>\t\t<\/div>\n\t\t\t\t\t<div class=\"elementor-container elementor-column-gap-default\">\n\t\t\t\t\t<div class=\"elementor-column elementor-col-100 elementor-top-column elementor-element elementor-element-54de5ea\" data-id=\"54de5ea\" data-element_type=\"column\" data-e-type=\"column\">\n\t\t\t<div class=\"elementor-widget-wrap elementor-element-populated\">\n\t\t\t\t\t\t<div class=\"elementor-element elementor-element-4bee65d elementor-widget elementor-widget-heading\" data-id=\"4bee65d\" data-element_type=\"widget\" data-e-type=\"widget\" data-widget_type=\"heading.default\">\n\t\t\t\t<div class=\"elementor-widget-container\">\n\t\t\t\t\t<h2 class=\"elementor-heading-title elementor-size-default\">Aviso de Privacidad<\/h2>\t\t\t\t<\/div>\n\t\t\t\t<\/div>\n\t\t\t\t<div class=\"elementor-element elementor-element-3886e1c elementor-widget elementor-widget-heading\" data-id=\"3886e1c\" data-element_type=\"widget\" data-e-type=\"widget\" data-widget_type=\"heading.default\">\n\t\t\t\t<div class=\"elementor-widget-container\">\n\t\t\t\t\t<h2 class=\"elementor-heading-title elementor-size-default\">Repositorio de aprendizaje de las redes comunitarias<\/h2>\t\t\t\t<\/div>\n\t\t\t\t<\/div>\n\t\t\t\t\t<\/div>\n\t\t<\/div>\n\t\t\t\t\t<\/div>\n\t\t<\/section>\n\t\t\t\t<section data-particle_enable=\"false\" data-particle-mobile-disabled=\"false\" class=\"elementor-section elementor-top-section elementor-element elementor-element-7eccb758 elementor-section-boxed elementor-section-height-default elementor-section-height-default\" data-id=\"7eccb758\" data-element_type=\"section\" data-e-type=\"section\">\n\t\t\t\t\t\t<div class=\"elementor-container elementor-column-gap-default\">\n\t\t\t\t\t<div class=\"elementor-column elementor-col-100 elementor-top-column elementor-element elementor-element-1fd40376\" data-id=\"1fd40376\" data-element_type=\"column\" data-e-type=\"column\">\n\t\t\t<div class=\"elementor-widget-wrap elementor-element-populated\">\n\t\t\t\t\t\t<div class=\"elementor-element elementor-element-39640b24 elementor-widget elementor-widget-text-editor\" data-id=\"39640b24\" data-element_type=\"widget\" data-e-type=\"widget\" data-widget_type=\"text-editor.default\">\n\t\t\t\t<div class=\"elementor-widget-container\">\n\t\t\t\t\t\t\t\t\t<p>Tu privacidad y titularidad de tus datos personales son muy importantes para nosotros y este Aviso de Privacidad describe c\u00f3mo recolectamos y utilizamos tu informaci\u00f3n cuando usas cualquiera de los servicios del Repositorio.<\/p><p>Utilizamos lo que la ley define como <b><i>datos personales<\/i> <\/b>para poder ofrecerte los servicios del repositorio. Los datos personales son aquellos que se utilizan para identificar, contactar o localizar a una persona y es por eso que la ley los protege.<\/p><p><b style=\"color: var( --e-global-color-d8f59f0 );\">1. Denominaci\u00f3n legal y domicilio del responsable<\/b><\/p><p><span style=\"font-weight: 400;\">Asociaci\u00f3n para el Progreso de las Comunicaciones (APC), Melville, 2109, Sud\u00e1frica. Tel. +27 11 726 1692.<\/span><\/p><p><b>2. Servicios que ofrece el repositorio<\/b><\/p><p><span style=\"font-weight: 400;\">El repositorio surge como una iniciativa colectiva para compartir, organizar y difundir materiales creados por redes comunitarias en el mundo. Estos recursos pueden ser publicaciones, audios, videos, gu\u00edas de formaci\u00f3n, sitios web, entre otros. \n\nEs para cumplir con los objetivos que se recolecta, comparte, y difunde informaci\u00f3n que la ley considera como datos personales y son susceptibles de protecci\u00f3n.<\/span><\/p><p><b>2.1. La informaci\u00f3n personal que recolectamos<\/b><\/p><p><span style=\"font-weight: 400;\">El repositorio recolecta informaci\u00f3n cuando el usuario se registra para utilizar los servicios, para acceder al newsletter, al momento de llenar una encuesta, cuando se navega o se realiza alguna otra acci\u00f3n similar dentro del sitio, que es necesaria para las siguientes funciones:<\/span><\/p><ul><li style=\"font-weight: 400;\" aria-level=\"1\"><span style=\"font-weight: 400;\">Estad\u00edsticas del sitio: Recolectamos la fecha, hora y duraci\u00f3n de tu vista, la identificaci\u00f3n de tu navegador y direcci\u00f3n IP para uso interno y an\u00e1lisis de tr\u00e1fico web. Se garantiza el anonimato de esta informaci\u00f3n y su uso \u00fanicamente para datos estad\u00edsticos.\u00a0<\/span><\/li><li style=\"font-weight: 400;\" aria-level=\"1\"><span style=\"font-weight: 400;\">Cookies: utilizamos cookies porque son necesarias para que el sitio web funcione y que est\u00e9n disponibles acciones b\u00e1sicas, como la navegaci\u00f3n y el acceso a zonas seguras. Puede optar por desactivar todas o algunas cookies a trav\u00e9s de su navegador (Chrome, Safari, Microsoft Edge, etc.).<\/span><\/li><li style=\"font-weight: 400;\" aria-level=\"1\"><span style=\"font-weight: 400;\">Enviar correos electr\u00f3nicos de forma peri\u00f3dica con la intenci\u00f3n de divulgar el conocimiento, informar cambios o anuncios de eventos, en caso de que el usuario se inscriba al newsletter.\u00a0<\/span><\/li><li style=\"font-weight: 400;\" aria-level=\"1\"><span style=\"font-weight: 400;\">Dar respuesta a las solicitudes que el usuario tenga.<\/span><\/li><li style=\"font-weight: 400;\" aria-level=\"1\"><span style=\"font-weight: 400;\">Personalizar la experiencia del usuario en la plataforma, como puede ser generar compilaciones de art\u00edculos de inter\u00e9s del usuario.\u00a0<\/span><\/li><li style=\"font-weight: 400;\" aria-level=\"1\"><span style=\"font-weight: 400;\">Mantener la seguridad dentro del sitio.\u00a0<\/span><\/li><\/ul><p><b><br \/>2.2. Tratamiento de los datos personales<\/b><\/p><p><span style=\"font-weight: 400;\">Para los prop\u00f3sitos del repositorio, no realizamos transferencias de datos a terceros.\u00a0<\/span><\/p><p><span style=\"font-weight: 400;\">No compartimos tu informaci\u00f3n con nadie externo a APC, por lo tanto, no usamos servicios de terceros en nuestro sitio web.<\/span><\/p><p><span style=\"font-weight: 400;\">Cualquier informaci\u00f3n, como los datos estad\u00edsticos de navegaci\u00f3n descritos en estas pol\u00edticas o datos personales que nos compartas, ser\u00e1n protegidos por nuestros servidores.\u00a0<\/span><\/p><p><b>3. \u00bfC\u00f3mo informaremos acerca de los cambios en nuestras Pol\u00edticas de Privacidad?<\/b><\/p><p><span style=\"font-weight: 400;\">La versi\u00f3n actualizada de nuestras pol\u00edticas siempre estar\u00e1 disponible en esta plataforma. Los cambios que se realicen ser\u00e1n notificados mediante un anuncio al ingresar a la p\u00e1gina, teniendo siempre la decisi\u00f3n el usuario de continuar haciendo uso de los servicios que ofrece este repositorio.<\/span><\/p><p><b>4. Ejercicio de los derechos relacionados con datos personales<\/b><\/p><p><span style=\"font-weight: 400;\">El usuario que sea titular de los datos personales versados en los contenidos de la plataforma, podr\u00e1 solicitar en cualquier momento el acceso, rectificaci\u00f3n, cancelaci\u00f3n y oposici\u00f3n del uso de su informaci\u00f3n. La solicitud de cualquiera de los derechos relacionados con sus datos podr\u00e1 ser externada mediante los medios de comunicaci\u00f3n proporcionados por el repositorio y deber\u00e1 contener la siguiente informaci\u00f3n:<\/span><\/p><ol><li style=\"font-weight: 400;\" aria-level=\"1\"><span style=\"font-weight: 400;\">El nombre del titular<\/span><\/li><li style=\"font-weight: 400;\" aria-level=\"1\"><span style=\"font-weight: 400;\">Alg\u00fan documento que acredite la identidad del titular o su representaci\u00f3n legal<\/span><\/li><li style=\"font-weight: 400;\" aria-level=\"1\"><span style=\"font-weight: 400;\">La descripci\u00f3n clara y precisa de los datos personales respecto de los que se busca ejercer alguno de los derechos relacionados<\/span><\/li><li style=\"font-weight: 400;\" aria-level=\"1\"><span style=\"font-weight: 400;\">El ejercicio que se desea ejercer (verificar, modificar o eliminar)<\/span><\/li><li style=\"font-weight: 400;\" aria-level=\"1\"><span style=\"font-weight: 400;\"><span style=\"font-weight: 400;\"><span style=\"font-weight: 400;\">Elementos que permitan identificar la localizaci\u00f3n de los datos en cuesti\u00f3n<\/span><\/span><\/span><p>\u00a0<\/p><\/li><\/ol><p><b>5. Cont\u00e1ctanos<\/b><\/p><ul><li style=\"font-weight: 400;\" aria-level=\"1\"><span style=\"font-weight: 400;\">Para cualquier informaci\u00f3n sobre datos personales tuyos que tenemos en nuestros sistemas, escribe por favor a: <\/span><span style=\"font-weight: 400;\"><a href=\"mailto:cnlearning@apc.org\" target=\"_blank\" rel=\"noopener\">cnlearning@apc.org<\/a><\/span><\/li><\/ul>\t\t\t\t\t\t\t\t<\/div>\n\t\t\t\t<\/div>\n\t\t\t\t\t<\/div>\n\t\t<\/div>\n\t\t\t\t\t<\/div>\n\t\t<\/section>\n\t\t\t\t<\/div>","protected":false},"excerpt":{"rendered":"<p>Our Privacy Policy Community Networks Learning Repository Your privacy and rights over your personal data is very important to us, and this Privacy Policy describes how we collect and use your information when you use any of the services of the Repository. We use what the law considers Personal Identifiable Information (PII) in order to [&hellip;]<\/p>\n","protected":false},"author":1,"featured_media":0,"parent":0,"menu_order":0,"comment_status":"closed","ping_status":"open","template":"elementor_header_footer","meta":{"_acf_changed":false,"footnotes":""},"class_list":["post-3","page","type-page","status-publish","hentry"],"acf":[],"_links":{"self":[{"href":"https:\/\/cnlearning.apc.org\/es\/wp-json\/wp\/v2\/pages\/3","targetHints":{"allow":["GET"]}}],"collection":[{"href":"https:\/\/cnlearning.apc.org\/es\/wp-json\/wp\/v2\/pages"}],"about":[{"href":"https:\/\/cnlearning.apc.org\/es\/wp-json\/wp\/v2\/types\/page"}],"author":[{"embeddable":true,"href":"https:\/\/cnlearning.apc.org\/es\/wp-json\/wp\/v2\/users\/1"}],"replies":[{"embeddable":true,"href":"https:\/\/cnlearning.apc.org\/es\/wp-json\/wp\/v2\/comments?post=3"}],"version-history":[{"count":36,"href":"https:\/\/cnlearning.apc.org\/es\/wp-json\/wp\/v2\/pages\/3\/revisions"}],"predecessor-version":[{"id":989,"href":"https:\/\/cnlearning.apc.org\/es\/wp-json\/wp\/v2\/pages\/3\/revisions\/989"}],"wp:attachment":[{"href":"https:\/\/cnlearning.apc.org\/es\/wp-json\/wp\/v2\/media?parent=3"}],"curies":[{"name":"wp","href":"https:\/\/api.w.org\/{rel}","templated":true}]}}