{"id":3738,"date":"2024-12-04T10:40:46","date_gmt":"2024-12-04T15:40:46","guid":{"rendered":"https:\/\/cnlearning.apc.org\/?page_id=3738"},"modified":"2025-09-10T04:41:09","modified_gmt":"2025-09-10T09:41:09","slug":"noticias","status":"publish","type":"page","link":"https:\/\/cnlearning.apc.org\/es\/noticias\/","title":{"rendered":"Noticias"},"content":{"rendered":"<div data-elementor-type=\"wp-page\" data-elementor-id=\"3738\" class=\"elementor elementor-3738\" data-elementor-post-type=\"page\">\n\t\t\t\t\t\t<section data-particle_enable=\"false\" data-particle-mobile-disabled=\"false\" class=\"elementor-section elementor-top-section elementor-element elementor-element-f198b2d elementor-section-boxed elementor-section-height-default elementor-section-height-default\" data-id=\"f198b2d\" data-element_type=\"section\" data-e-type=\"section\" id=\"News\" data-settings=\"{&quot;background_background&quot;:&quot;classic&quot;}\">\n\t\t\t\t\t\t<div class=\"elementor-container elementor-column-gap-default\">\n\t\t\t\t\t<div class=\"elementor-column elementor-col-100 elementor-top-column elementor-element elementor-element-dd9fe02\" data-id=\"dd9fe02\" data-element_type=\"column\" data-e-type=\"column\">\n\t\t\t<div class=\"elementor-widget-wrap elementor-element-populated\">\n\t\t\t\t\t\t<div class=\"elementor-element elementor-element-e337948 elementor-widget elementor-widget-heading\" data-id=\"e337948\" data-element_type=\"widget\" data-e-type=\"widget\" data-widget_type=\"heading.default\">\n\t\t\t\t<div class=\"elementor-widget-container\">\n\t\t\t\t\t<h2 class=\"elementor-heading-title elementor-size-default\">Noticias<\/h2>\t\t\t\t<\/div>\n\t\t\t\t<\/div>\n\t\t\t\t<div class=\"elementor-element elementor-element-acbd671 elementor-widget elementor-widget-wp-widget-rss\" data-id=\"acbd671\" data-element_type=\"widget\" data-e-type=\"widget\" data-widget_type=\"wp-widget-rss.default\">\n\t\t\t\t<div class=\"elementor-widget-container\">\n\t\t\t\t\t<h5><a class=\"rsswidget rss-widget-feed\" href=\"https:\/\/www.apc.org\/en\/rss.xml\"><img decoding=\"async\" class=\"rss-widget-icon\" style=\"border:0\" width=\"14\" height=\"14\" src=\"https:\/\/cnlearning.apc.org\/wp-includes\/images\/rss.png\" alt=\"RSS\" \/><\/a> <a class=\"rsswidget rss-widget-title\" href=\"https:\/\/www.apc.org\/en\">Lo \u00faltimo de APC<\/a><\/h5><ul><li><a class='rsswidget' href='https:\/\/www.apc.org\/en\/news\/call-nominations-2026-african-school-internet-governance-now-open'>Abierta la convocatoria para nominaciones para la Escuela Africana de Gobernanza de Internet 2026<\/a> <span class=\"rss-date\">7 de mayo de 2026<\/span><div class=\"rssSummary\">La convocatoria de nominaciones para la 14\u00aa edici\u00f3n anual de la Escuela Africana sobre Gobernanza de Internet (AfriSIG 2026) ya est\u00e1 abierta. La edici\u00f3n de este a\u00f1o tendr\u00e1 lugar en el \u00faltimo trimestre de 2026, inmediatamente antes de\u2026<\/div> <cite>Escuela Africana sobre Gobernanza de Internet (AfriSIG)<\/cite><\/li><li><a class='rsswidget' href='https:\/\/www.apc.org\/en\/blog\/seeding-change-creating-new-skills-and-income-opportunities-through-micro-enterprises-and'>Sembrando el cambio: Creando nuevas habilidades y oportunidades de ingresos a trav\u00e9s de microempresas y capacitaci\u00f3n digital para mujeres nigerianas<\/a> <span class=\"rss-date\">6 de mayo de 2026<\/span><div class=\"rssSummary\">La capacitaci\u00f3n cre\u00f3 un entorno seguro y alentador donde las mujeres pod\u00edan hacer preguntas, practicar nuevas habilidades y compartir su propia experiencia empresarial. Uno de los logros m\u00e1s importantes de la\u2026<\/div> <cite>Harira Wakili<\/cite><\/li><li><a class='rsswidget' href='https:\/\/www.apc.org\/en\/news\/what-have-we-learned-revisiting-giswatch-edition-artificial-intelligence'>\u00bfQu\u00e9 hemos aprendido? Revisitando la edici\u00f3n de GISWatch sobre inteligencia artificial<\/a> <span class=\"rss-date\">6 de mayo de 2026<\/span><div class=\"rssSummary\">Revisitamos la edici\u00f3n de 2019 de GISWatch sobre \u201cInteligencia artificial: Derechos humanos, justicia social y desarrollo\u201d con el fin de renovar nuestro compromiso de abordar estos importantes temas y\u2026<\/div> <cite>Maja Romano<\/cite><\/li><li><a class='rsswidget' href='https:\/\/www.apc.org\/en\/blog\/chinese-lesson-human-rights-approach-ai'>La lecci\u00f3n china sobre el enfoque de derechos humanos para la IA<\/a> <span class=\"rss-date\">4 de mayo de 2026<\/span><div class=\"rssSummary\">Podemos ver en la distop\u00eda de la IA china que la gente no tiene el control de la tecnolog\u00eda, sino que est\u00e1 sujeta a un r\u00e9gimen que ve la tecnolog\u00eda como un medio para expandir y consolidar el estado...<\/div> <cite>Oiwan Lam<\/cite><\/li><li><a class='rsswidget' href='https:\/\/www.apc.org\/en\/news\/community-networks-newsletter-raising-voices-community-centred-connectivity-initiatives-policy'>Bolet\u00edn de redes comunitarias: Amplificando las voces de las iniciativas de conectividad centradas en la comunidad en la defensa de pol\u00edticas<\/a> <span class=\"rss-date\">30 de abril de 2026<\/span><div class=\"rssSummary\">Arraigadas en realidades vividas, las iniciativas de conectividad centradas en la comunidad (CCCIs) reclaman cada vez m\u00e1s un papel m\u00e1s activo en la configuraci\u00f3n del entorno regulatorio, abogando por las condiciones\u2026<\/div> <cite>APCNoticias<\/cite><\/li><li><a class='rsswidget' href='https:\/\/www.apc.org\/en\/blog\/need-generate-more-questions-pleasant-answers'>Sobre la necesidad de generar m\u00e1s preguntas que respuestas agradables<\/a> <span class=\"rss-date\">30 de abril de 2026<\/span><div class=\"rssSummary\">Basados en experiencias vividas y respaldados por evidencia, los art\u00edculos de la serie \u201cNo le preguntes a la IA, preg\u00fantale a un colega\u201d han proporcionado una demostraci\u00f3n muy pr\u00e1ctica de las violaciones continuas, al tiempo que se\u00f1alan las\u2026<\/div> <cite>D\u00e9bora Prado<\/cite><\/li><li><a class='rsswidget' href='https:\/\/www.apc.org\/en\/pubs\/over-130-organisations-condemn-government-zambias-abrupt-disruption-rightscon'>M\u00e1s de 130 organizaciones condenan la interrupci\u00f3n abrupta de RightsCon por parte del Gobierno de Zambia.<\/a> <span class=\"rss-date\">30 de abril de 2026<\/span><div class=\"rssSummary\">La agenda del evento suspendido presenta \u00e1reas de debate sobre temas clave de la econom\u00eda digital, promueve los derechos digitales y fomenta el enfoque multiactor. La cancelaci\u00f3n genera preocupaci\u00f3n sobre el cierre de espacios c\u00edvicos...<\/div> <cite>Varios<\/cite><\/li><li><a class='rsswidget' href='https:\/\/www.apc.org\/en\/news\/apc-29th-annual-session-un-commission-science-and-technology-development-paving-way-enable'>APC en la 29\u00aa sesi\u00f3n anual de la Comisi\u00f3n de las Naciones Unidas de Ciencia y Tecnolog\u00eda para el Desarrollo: allanando el camino para permitir la participaci\u00f3n y defender los derechos humanos<\/a> <span class=\"rss-date\">29 de abril de 2026<\/span><div class=\"rssSummary\">La 29\u00aa sesi\u00f3n de la Comisi\u00f3n de Ciencia y Tecnolog\u00eda para el Desarrollo (CSTD) tuvo lugar en abril de 2026. Se convirti\u00f3 en una valiosa oportunidad para discutir el siguiente desaf\u00edo de implementar el\u2026<\/div> <cite>APCNoticias<\/cite><\/li><li><a class='rsswidget' href='https:\/\/www.apc.org\/en\/pubs\/40-organizations-worldwide-urge-meta-stop-financially-enabling-settler-violence-against'>M\u00e1s de 40 organizaciones mundiales instan a Meta a dejar de financiar econ\u00f3micamente la violencia de los colonos contra los palestinos.<\/a> <span class=\"rss-date\">28 de abril de 2026<\/span><div class=\"rssSummary\"><\/div> <cite>Varios<\/cite><\/li><li><a class='rsswidget' href='https:\/\/www.apc.org\/en\/news\/rightscon-2026-preparatory-recommended-resources'>RightsCon 2026: Recursos recomendados para la preparaci\u00f3n<\/a> <span class=\"rss-date\">28 de abril de 2026<\/span><div class=\"rssSummary\"><\/div> <cite><\/cite><\/li><\/ul>\t\t\t\t<\/div>\n\t\t\t\t<\/div>\n\t\t\t\t\t<\/div>\n\t\t<\/div>\n\t\t\t\t\t<\/div>\n\t\t<\/section>\n\t\t\t\t<section data-particle_enable=\"false\" data-particle-mobile-disabled=\"false\" class=\"elementor-section elementor-top-section elementor-element elementor-element-9f4d368 elementor-hidden-desktop elementor-hidden-tablet elementor-hidden-mobile elementor-section-boxed elementor-section-height-default elementor-section-height-default\" data-id=\"9f4d368\" data-element_type=\"section\" data-e-type=\"section\" id=\"Learning_Paths\" data-settings=\"{&quot;background_background&quot;:&quot;classic&quot;}\">\n\t\t\t\t\t\t<div class=\"elementor-container elementor-column-gap-default\">\n\t\t\t\t\t<div class=\"elementor-column elementor-col-100 elementor-top-column elementor-element elementor-element-e585f92\" data-id=\"e585f92\" data-element_type=\"column\" data-e-type=\"column\">\n\t\t\t<div class=\"elementor-widget-wrap elementor-element-populated\">\n\t\t\t\t\t\t<div class=\"elementor-element elementor-element-fe62590 elementor-widget elementor-widget-text-editor\" data-id=\"fe62590\" data-element_type=\"widget\" data-e-type=\"widget\" data-widget_type=\"text-editor.default\">\n\t\t\t\t<div class=\"elementor-widget-container\">\n\t\t\t\t\t\t\t\t\t<h3>Pr\u00f3ximamente<\/h3>\t\t\t\t\t\t\t\t<\/div>\n\t\t\t\t<\/div>\n\t\t\t\t<div class=\"elementor-element elementor-element-85367d3 elementor-widget elementor-widget-heading\" data-id=\"85367d3\" data-element_type=\"widget\" data-e-type=\"widget\" data-widget_type=\"heading.default\">\n\t\t\t\t<div class=\"elementor-widget-container\">\n\t\t\t\t\t<h2 class=\"elementor-heading-title elementor-size-default\">Rutas de aprendizaje<\/h2>\t\t\t\t<\/div>\n\t\t\t\t<\/div>\n\t\t\t\t<section data-particle_enable=\"false\" data-particle-mobile-disabled=\"false\" class=\"elementor-section elementor-inner-section elementor-element elementor-element-138c82d elementor-section-boxed elementor-section-height-default elementor-section-height-default\" data-id=\"138c82d\" data-element_type=\"section\" data-e-type=\"section\">\n\t\t\t\t\t\t<div class=\"elementor-container elementor-column-gap-default\">\n\t\t\t\t\t<div class=\"elementor-column elementor-col-33 elementor-inner-column elementor-element elementor-element-8eeb423\" data-id=\"8eeb423\" data-element_type=\"column\" data-e-type=\"column\">\n\t\t\t<div class=\"elementor-widget-wrap elementor-element-populated\">\n\t\t\t\t\t\t<div class=\"elementor-element elementor-element-5ebb178 elementor-widget__width-inherit elementor-position-top elementor-widget elementor-widget-image-box\" data-id=\"5ebb178\" data-element_type=\"widget\" data-e-type=\"widget\" data-widget_type=\"image-box.default\">\n\t\t\t\t<div class=\"elementor-widget-container\">\n\t\t\t\t\t<div class=\"elementor-image-box-wrapper\"><figure class=\"elementor-image-box-img\"><img fetchpriority=\"high\" decoding=\"async\" width=\"768\" height=\"599\" src=\"https:\/\/cnlearning.apc.org\/wp-content\/uploads\/2023\/12\/Captura de pantalla 2023-12-04 a les 14.02.07-768x599.png\" class=\"attachment-medium_large size-medium_large wp-image-3107\" alt=\"\" srcset=\"https:\/\/cnlearning.apc.org\/wp-content\/uploads\/2023\/12\/Captura%20de%20pantalla%202023-12-04%20a%20les%2014.02.07-768x599.png 768w, https:\/\/cnlearning.apc.org\/wp-content\/uploads\/2023\/12\/Captura%20de%20pantalla%202023-12-04%20a%20les%2014.02.07-300x234.png 300w, https:\/\/cnlearning.apc.org\/wp-content\/uploads\/2023\/12\/Captura%20de%20pantalla%202023-12-04%20a%20les%2014.02.07-1024x798.png 1024w, https:\/\/cnlearning.apc.org\/wp-content\/uploads\/2023\/12\/Captura%20de%20pantalla%202023-12-04%20a%20les%2014.02.07-15x12.png 15w, https:\/\/cnlearning.apc.org\/wp-content\/uploads\/2023\/12\/Captura%20de%20pantalla%202023-12-04%20a%20les%2014.02.07.png 1378w\" sizes=\"(max-width: 768px) 100vw, 768px\" \/><\/figure><div class=\"elementor-image-box-content\"><h4 class=\"elementor-image-box-title\">Proveedores de conectividad centrada en la comunidad<\/h4><\/div><\/div>\t\t\t\t<\/div>\n\t\t\t\t<\/div>\n\t\t\t\t\t<\/div>\n\t\t<\/div>\n\t\t\t\t<div class=\"elementor-column elementor-col-33 elementor-inner-column elementor-element elementor-element-c0ca122\" data-id=\"c0ca122\" data-element_type=\"column\" data-e-type=\"column\">\n\t\t\t<div class=\"elementor-widget-wrap elementor-element-populated\">\n\t\t\t\t\t\t<div class=\"elementor-element elementor-element-079cd53 elementor-widget__width-inherit elementor-position-top elementor-widget elementor-widget-image-box\" data-id=\"079cd53\" data-element_type=\"widget\" data-e-type=\"widget\" data-widget_type=\"image-box.default\">\n\t\t\t\t<div class=\"elementor-widget-container\">\n\t\t\t\t\t<div class=\"elementor-image-box-wrapper\"><figure class=\"elementor-image-box-img\"><img decoding=\"async\" width=\"768\" height=\"432\" src=\"https:\/\/cnlearning.apc.org\/wp-content\/uploads\/2023\/11\/2-768x432.jpg\" class=\"attachment-medium_large size-medium_large wp-image-2774\" alt=\"\" srcset=\"https:\/\/cnlearning.apc.org\/wp-content\/uploads\/2023\/11\/2-768x432.jpg 768w, https:\/\/cnlearning.apc.org\/wp-content\/uploads\/2023\/11\/2-300x169.jpg 300w, https:\/\/cnlearning.apc.org\/wp-content\/uploads\/2023\/11\/2-1024x576.jpg 1024w, https:\/\/cnlearning.apc.org\/wp-content\/uploads\/2023\/11\/2-1536x864.jpg 1536w, https:\/\/cnlearning.apc.org\/wp-content\/uploads\/2023\/11\/2-2048x1152.jpg 2048w, https:\/\/cnlearning.apc.org\/wp-content\/uploads\/2023\/11\/2-18x10.jpg 18w\" sizes=\"(max-width: 768px) 100vw, 768px\" \/><\/figure><div class=\"elementor-image-box-content\"><h4 class=\"elementor-image-box-title\">Autonom\u00eda tecnol\u00f3gica e innovaci\u00f3n local<\/h4><\/div><\/div>\t\t\t\t<\/div>\n\t\t\t\t<\/div>\n\t\t\t\t\t<\/div>\n\t\t<\/div>\n\t\t\t\t<div class=\"elementor-column elementor-col-33 elementor-inner-column elementor-element elementor-element-d928a03\" data-id=\"d928a03\" data-element_type=\"column\" data-e-type=\"column\">\n\t\t\t<div class=\"elementor-widget-wrap elementor-element-populated\">\n\t\t\t\t\t\t<div class=\"elementor-element elementor-element-0c7dcda elementor-widget__width-inherit elementor-position-top elementor-widget elementor-widget-image-box\" data-id=\"0c7dcda\" data-element_type=\"widget\" data-e-type=\"widget\" data-widget_type=\"image-box.default\">\n\t\t\t\t<div class=\"elementor-widget-container\">\n\t\t\t\t\t<div class=\"elementor-image-box-wrapper\"><figure class=\"elementor-image-box-img\"><img loading=\"lazy\" decoding=\"async\" width=\"768\" height=\"512\" src=\"https:\/\/cnlearning.apc.org\/wp-content\/uploads\/2023\/11\/3-768x512.jpg\" class=\"attachment-medium_large size-medium_large wp-image-2775\" alt=\"\" srcset=\"https:\/\/cnlearning.apc.org\/wp-content\/uploads\/2023\/11\/3-768x512.jpg 768w, https:\/\/cnlearning.apc.org\/wp-content\/uploads\/2023\/11\/3-300x200.jpg 300w, https:\/\/cnlearning.apc.org\/wp-content\/uploads\/2023\/11\/3-1024x683.jpg 1024w, https:\/\/cnlearning.apc.org\/wp-content\/uploads\/2023\/11\/3-1536x1024.jpg 1536w, https:\/\/cnlearning.apc.org\/wp-content\/uploads\/2023\/11\/3-2048x1365.jpg 2048w, https:\/\/cnlearning.apc.org\/wp-content\/uploads\/2023\/11\/3-18x12.jpg 18w\" sizes=\"(max-width: 768px) 100vw, 768px\" \/><\/figure><div class=\"elementor-image-box-content\"><h4 class=\"elementor-image-box-title\">G\u00e9nero e inclusi\u00f3n digital<\/h4><\/div><\/div>\t\t\t\t<\/div>\n\t\t\t\t<\/div>\n\t\t\t\t\t<\/div>\n\t\t<\/div>\n\t\t\t\t\t<\/div>\n\t\t<\/section>\n\t\t\t\t<section data-particle_enable=\"false\" data-particle-mobile-disabled=\"false\" class=\"elementor-section elementor-inner-section elementor-element elementor-element-2836e1f elementor-section-boxed elementor-section-height-default elementor-section-height-default\" data-id=\"2836e1f\" data-element_type=\"section\" data-e-type=\"section\">\n\t\t\t\t\t\t<div class=\"elementor-container elementor-column-gap-default\">\n\t\t\t\t\t<div class=\"elementor-column elementor-col-33 elementor-inner-column elementor-element elementor-element-9d3bcf7\" data-id=\"9d3bcf7\" data-element_type=\"column\" data-e-type=\"column\">\n\t\t\t<div class=\"elementor-widget-wrap elementor-element-populated\">\n\t\t\t\t\t\t<div class=\"elementor-element elementor-element-889ad07 elementor-widget__width-inherit elementor-position-top elementor-widget elementor-widget-image-box\" data-id=\"889ad07\" data-element_type=\"widget\" data-e-type=\"widget\" data-widget_type=\"image-box.default\">\n\t\t\t\t<div class=\"elementor-widget-container\">\n\t\t\t\t\t<div class=\"elementor-image-box-wrapper\"><figure class=\"elementor-image-box-img\"><img loading=\"lazy\" decoding=\"async\" width=\"705\" height=\"393\" src=\"https:\/\/cnlearning.apc.org\/wp-content\/uploads\/2023\/05\/nigeriannationalschool_day1_photocitad-1.jpeg\" class=\"attachment-medium_large size-medium_large wp-image-1851\" alt=\"\" srcset=\"https:\/\/cnlearning.apc.org\/wp-content\/uploads\/2023\/05\/nigeriannationalschool_day1_photocitad-1.jpeg 705w, https:\/\/cnlearning.apc.org\/wp-content\/uploads\/2023\/05\/nigeriannationalschool_day1_photocitad-1-300x167.jpeg 300w, https:\/\/cnlearning.apc.org\/wp-content\/uploads\/2023\/05\/nigeriannationalschool_day1_photocitad-1-18x10.jpeg 18w\" sizes=\"(max-width: 705px) 100vw, 705px\" \/><\/figure><div class=\"elementor-image-box-content\"><h4 class=\"elementor-image-box-title\">Pol\u00edtica y normativa<\/h4><\/div><\/div>\t\t\t\t<\/div>\n\t\t\t\t<\/div>\n\t\t\t\t\t<\/div>\n\t\t<\/div>\n\t\t\t\t<div class=\"elementor-column elementor-col-33 elementor-inner-column elementor-element elementor-element-2b93a47\" data-id=\"2b93a47\" data-element_type=\"column\" data-e-type=\"column\">\n\t\t\t<div class=\"elementor-widget-wrap elementor-element-populated\">\n\t\t\t\t\t\t<div class=\"elementor-element elementor-element-ed2ca69 elementor-widget__width-inherit elementor-position-top elementor-widget elementor-widget-image-box\" data-id=\"ed2ca69\" data-element_type=\"widget\" data-e-type=\"widget\" data-widget_type=\"image-box.default\">\n\t\t\t\t<div class=\"elementor-widget-container\">\n\t\t\t\t\t<div class=\"elementor-image-box-wrapper\"><figure class=\"elementor-image-box-img\"><img loading=\"lazy\" decoding=\"async\" width=\"768\" height=\"767\" src=\"https:\/\/cnlearning.apc.org\/wp-content\/uploads\/2023\/05\/277001644_5279778428744401_7326468404941727829_n-768x767.jpg\" class=\"attachment-medium_large size-medium_large wp-image-1876\" alt=\"\" srcset=\"https:\/\/cnlearning.apc.org\/wp-content\/uploads\/2023\/05\/277001644_5279778428744401_7326468404941727829_n-768x767.jpg 768w, https:\/\/cnlearning.apc.org\/wp-content\/uploads\/2023\/05\/277001644_5279778428744401_7326468404941727829_n-300x300.jpg 300w, https:\/\/cnlearning.apc.org\/wp-content\/uploads\/2023\/05\/277001644_5279778428744401_7326468404941727829_n-1024x1024.jpg 1024w, https:\/\/cnlearning.apc.org\/wp-content\/uploads\/2023\/05\/277001644_5279778428744401_7326468404941727829_n-150x150.jpg 150w, https:\/\/cnlearning.apc.org\/wp-content\/uploads\/2023\/05\/277001644_5279778428744401_7326468404941727829_n-12x12.jpg 12w, https:\/\/cnlearning.apc.org\/wp-content\/uploads\/2023\/05\/277001644_5279778428744401_7326468404941727829_n.jpg 1440w\" sizes=\"(max-width: 768px) 100vw, 768px\" \/><\/figure><div class=\"elementor-image-box-content\"><h4 class=\"elementor-image-box-title\">Organizar y mantener redes comunitarias<\/h4><\/div><\/div>\t\t\t\t<\/div>\n\t\t\t\t<\/div>\n\t\t\t\t\t<\/div>\n\t\t<\/div>\n\t\t\t\t<div class=\"elementor-column elementor-col-33 elementor-inner-column elementor-element elementor-element-be98a6f\" data-id=\"be98a6f\" data-element_type=\"column\" data-e-type=\"column\">\n\t\t\t<div class=\"elementor-widget-wrap elementor-element-populated\">\n\t\t\t\t\t\t<div class=\"elementor-element elementor-element-f650df4 elementor-widget__width-inherit elementor-position-top elementor-widget elementor-widget-image-box\" data-id=\"f650df4\" data-element_type=\"widget\" data-e-type=\"widget\" data-widget_type=\"image-box.default\">\n\t\t\t\t<div class=\"elementor-widget-container\">\n\t\t\t\t\t<div class=\"elementor-image-box-wrapper\"><figure class=\"elementor-image-box-img\"><img loading=\"lazy\" decoding=\"async\" width=\"768\" height=\"1152\" src=\"https:\/\/cnlearning.apc.org\/wp-content\/uploads\/2023\/05\/00000024-768x1152.jpg\" class=\"attachment-medium_large size-medium_large wp-image-1907\" alt=\"\" srcset=\"https:\/\/cnlearning.apc.org\/wp-content\/uploads\/2023\/05\/00000024-768x1152.jpg 768w, https:\/\/cnlearning.apc.org\/wp-content\/uploads\/2023\/05\/00000024-200x300.jpg 200w, https:\/\/cnlearning.apc.org\/wp-content\/uploads\/2023\/05\/00000024-683x1024.jpg 683w, https:\/\/cnlearning.apc.org\/wp-content\/uploads\/2023\/05\/00000024-1024x1536.jpg 1024w, https:\/\/cnlearning.apc.org\/wp-content\/uploads\/2023\/05\/00000024-1365x2048.jpg 1365w, https:\/\/cnlearning.apc.org\/wp-content\/uploads\/2023\/05\/00000024-8x12.jpg 8w, https:\/\/cnlearning.apc.org\/wp-content\/uploads\/2023\/05\/00000024-scaled.jpg 1707w\" sizes=\"(max-width: 768px) 100vw, 768px\" \/><\/figure><div class=\"elementor-image-box-content\"><h4 class=\"elementor-image-box-title\">Radio y Comunicaci\u00f3n<\/h4><\/div><\/div>\t\t\t\t<\/div>\n\t\t\t\t<\/div>\n\t\t\t\t\t<\/div>\n\t\t<\/div>\n\t\t\t\t\t<\/div>\n\t\t<\/section>\n\t\t\t\t\t<\/div>\n\t\t<\/div>\n\t\t\t\t\t<\/div>\n\t\t<\/section>\n\t\t\t\t<\/div>","protected":false},"excerpt":{"rendered":"<p>Noticias Pr\u00f3ximamente Rutas de aprendizaje Proveedores de conectividad centrada en la comunidad Autonom\u00eda tecnol\u00f3gica e innovaci\u00f3n local G\u00e9nero e inclusi\u00f3n digital Pol\u00edtica y regulaci\u00f3n Organizaci\u00f3n y mantenimiento de redes comunitarias Radio y comunicaci\u00f3n<\/p>","protected":false},"author":1,"featured_media":0,"parent":0,"menu_order":0,"comment_status":"closed","ping_status":"closed","template":"elementor_header_footer","meta":{"_acf_changed":false,"footnotes":""},"class_list":["post-3738","page","type-page","status-publish","hentry"],"acf":[],"_links":{"self":[{"href":"https:\/\/cnlearning.apc.org\/es\/wp-json\/wp\/v2\/pages\/3738","targetHints":{"allow":["GET"]}}],"collection":[{"href":"https:\/\/cnlearning.apc.org\/es\/wp-json\/wp\/v2\/pages"}],"about":[{"href":"https:\/\/cnlearning.apc.org\/es\/wp-json\/wp\/v2\/types\/page"}],"author":[{"embeddable":true,"href":"https:\/\/cnlearning.apc.org\/es\/wp-json\/wp\/v2\/users\/1"}],"replies":[{"embeddable":true,"href":"https:\/\/cnlearning.apc.org\/es\/wp-json\/wp\/v2\/comments?post=3738"}],"version-history":[{"count":22,"href":"https:\/\/cnlearning.apc.org\/es\/wp-json\/wp\/v2\/pages\/3738\/revisions"}],"predecessor-version":[{"id":4138,"href":"https:\/\/cnlearning.apc.org\/es\/wp-json\/wp\/v2\/pages\/3738\/revisions\/4138"}],"wp:attachment":[{"href":"https:\/\/cnlearning.apc.org\/es\/wp-json\/wp\/v2\/media?parent=3738"}],"curies":[{"name":"wp","href":"https:\/\/api.w.org\/{rel}","templated":true}]}}