{"id":3,"date":"2022-09-28T02:17:30","date_gmt":"2022-09-28T02:17:30","guid":{"rendered":"https:\/\/cnlearning.apc.org\/?page_id=3"},"modified":"2022-12-16T22:01:16","modified_gmt":"2022-12-17T03:01:16","slug":"politique-de-confidentialite","status":"publish","type":"page","link":"https:\/\/cnlearning.apc.org\/fr\/politique-de-confidentialite\/","title":{"rendered":"Politique de confidentialit\u00e9"},"content":{"rendered":"<div data-elementor-type=\"wp-page\" data-elementor-id=\"3\" class=\"elementor elementor-3\" data-elementor-post-type=\"page\">\n\t\t\t\t\t\t<section data-particle_enable=\"false\" data-particle-mobile-disabled=\"false\" class=\"elementor-section elementor-top-section elementor-element elementor-element-1838007 elementor-section-boxed elementor-section-height-default elementor-section-height-default\" data-id=\"1838007\" data-element_type=\"section\" data-e-type=\"section\" data-settings=\"{&quot;background_background&quot;:&quot;classic&quot;,&quot;shape_divider_bottom&quot;:&quot;waves&quot;,&quot;shape_divider_bottom_negative&quot;:&quot;yes&quot;}\">\n\t\t\t\t\t<div class=\"elementor-shape elementor-shape-bottom\" aria-hidden=\"true\" data-negative=\"true\">\n\t\t\t<svg xmlns=\"http:\/\/www.w3.org\/2000\/svg\" viewbox=\"0 0 1000 100\" preserveaspectratio=\"none\">\n\t<path class=\"elementor-shape-fill\" d=\"M790.5,93.1c-59.3-5.3-116.8-18-192.6-50c-29.6-12.7-76.9-31-100.5-35.9c-23.6-4.9-52.6-7.8-75.5-5.3\tc-10.2,1.1-22.6,1.4-50.1,7.4c-27.2,6.3-58.2,16.6-79.4,24.7c-41.3,15.9-94.9,21.9-134,22.6C72,58.2,0,25.8,0,25.8V100h1000V65.3\tc0,0-51.5,19.4-106.2,25.7C839.5,97,814.1,95.2,790.5,93.1z\"\/>\n<\/svg>\t\t<\/div>\n\t\t\t\t\t<div class=\"elementor-container elementor-column-gap-default\">\n\t\t\t\t\t<div class=\"elementor-column elementor-col-100 elementor-top-column elementor-element elementor-element-54de5ea\" data-id=\"54de5ea\" data-element_type=\"column\" data-e-type=\"column\">\n\t\t\t<div class=\"elementor-widget-wrap elementor-element-populated\">\n\t\t\t\t\t\t<div class=\"elementor-element elementor-element-4bee65d elementor-widget elementor-widget-heading\" data-id=\"4bee65d\" data-element_type=\"widget\" data-e-type=\"widget\" data-widget_type=\"heading.default\">\n\t\t\t\t<div class=\"elementor-widget-container\">\n\t\t\t\t\t<h2 class=\"elementor-heading-title elementor-size-default\">Notre politique de confidentialit\u00e9<\/h2>\t\t\t\t<\/div>\n\t\t\t\t<\/div>\n\t\t\t\t<div class=\"elementor-element elementor-element-3886e1c elementor-widget elementor-widget-heading\" data-id=\"3886e1c\" data-element_type=\"widget\" data-e-type=\"widget\" data-widget_type=\"heading.default\">\n\t\t\t\t<div class=\"elementor-widget-container\">\n\t\t\t\t\t<h2 class=\"elementor-heading-title elementor-size-default\">R\u00e9seaux communautaires R\u00e9f\u00e9rentiel d'apprentissage<\/h2>\t\t\t\t<\/div>\n\t\t\t\t<\/div>\n\t\t\t\t\t<\/div>\n\t\t<\/div>\n\t\t\t\t\t<\/div>\n\t\t<\/section>\n\t\t\t\t<section data-particle_enable=\"false\" data-particle-mobile-disabled=\"false\" class=\"elementor-section elementor-top-section elementor-element elementor-element-7eccb758 elementor-section-boxed elementor-section-height-default elementor-section-height-default\" data-id=\"7eccb758\" data-element_type=\"section\" data-e-type=\"section\">\n\t\t\t\t\t\t<div class=\"elementor-container elementor-column-gap-default\">\n\t\t\t\t\t<div class=\"elementor-column elementor-col-100 elementor-top-column elementor-element elementor-element-1fd40376\" data-id=\"1fd40376\" data-element_type=\"column\" data-e-type=\"column\">\n\t\t\t<div class=\"elementor-widget-wrap elementor-element-populated\">\n\t\t\t\t\t\t<div class=\"elementor-element elementor-element-39640b24 elementor-widget elementor-widget-text-editor\" data-id=\"39640b24\" data-element_type=\"widget\" data-e-type=\"widget\" data-widget_type=\"text-editor.default\">\n\t\t\t\t<div class=\"elementor-widget-container\">\n\t\t\t\t\t\t\t\t\t<p>Votre vie priv\u00e9e et vos droits sur vos donn\u00e9es personnelles sont tr\u00e8s importants pour nous, et la pr\u00e9sente politique de confidentialit\u00e9 d\u00e9crit la mani\u00e8re dont nous collectons et utilisons vos informations lorsque vous utilisez l'un des services du R\u00e9f\u00e9rentiel.<\/p><p>Nous utilisons ce que la loi consid\u00e8re comme <b><i>Informations personnelles identifiables (IPI)<\/i> <\/b>afin d'atteindre les objectifs du r\u00e9f\u00e9rentiel. Ces IIP peuvent \u00eatre utilis\u00e9es pour identifier, contacter ou localiser une seule personne et c'est pourquoi elles sont prot\u00e9g\u00e9es par la loi.<\/p><p><b style=\"color: var( --e-global-color-d8f59f0 );\">1. Nom et adresse de l'entit\u00e9 responsable<\/b><\/p><p><span style=\"font-weight: 400;\">Association for Progressive Communications (APC), Melville, 2109, Afrique du Sud. privacy@apc.org<\/span><\/p><p><b>2. Services du r\u00e9f\u00e9rentiel<\/b><\/p><p><span style=\"font-weight: 400;\">Ce d\u00e9p\u00f4t est une initiative collective visant \u00e0 soutenir les projets de communication communautaire en stockant, partageant et \u00e9changeant du contenu cr\u00e9\u00e9 par des communaut\u00e9s du monde entier. Ces ressources peuvent \u00eatre des publications, des audios, des vid\u00e9os, des guides de formation, des sites web, entre autres. Les utilisateurs peuvent soumettre des contenus et le comit\u00e9 en charge de la curation les publiera et les distribuera dans le D\u00e9p\u00f4t apr\u00e8s validation.<\/span><\/p><p><b>2.1. Informations personnelles que nous collectons<\/b><\/p><p><span style=\"font-weight: 400;\">Lorsque vous cr\u00e9ez un compte dans le r\u00e9f\u00e9rentiel pour utiliser les services qu'il offre, tels que la lettre d'information, les enqu\u00eates, les sondages, le t\u00e9l\u00e9chargement de contenu, la navigation sur le site web ou toute autre action li\u00e9e \u00e0 ces actions, nous collectons des informations \u00e0 ces fins :<\/span><\/p><ul><li style=\"font-weight: 400;\" aria-level=\"1\"><span style=\"font-weight: 400;\">Statistiques : heure, date, dur\u00e9e, num\u00e9ro de protocole Internet (IP) de votre connexion, \u00e0 des fins d'utilisation interne et d'analyse pour mieux comprendre comment les membres du R\u00e9f\u00e9rentiel utilisent les diff\u00e9rents services.\u00a0<\/span><\/li><li style=\"font-weight: 400;\" aria-level=\"1\"><span style=\"font-weight: 400;\">Cookies : nous utilisons des cookies parce qu'ils sont n\u00e9cessaires pour que le site web fonctionne et que des actions de base soient disponibles, telles que la navigation et l'acc\u00e8s \u00e0 des zones s\u00fbres. Vous pouvez choisir de d\u00e9sactiver tout ou partie des cookies via votre navigateur (Chrome, Safari, Microsoft Edge, etc.).<\/span><\/li><li style=\"font-weight: 400;\" aria-level=\"1\"><span style=\"font-weight: 400;\">Envoyer des courriels p\u00e9riodiques dans le but de partager de nouvelles ressources, d'informer de tout changement dans le r\u00e9f\u00e9rentiel ou ses politiques, des \u00e9v\u00e9nements, dans le cas o\u00f9 vous vous inscrivez \u00e0 la lettre d'information.\u00a0<\/span><\/li><li style=\"font-weight: 400;\" aria-level=\"1\"><span style=\"font-weight: 400;\">\u00eatre en mesure de r\u00e9pondre aux demandes de l'utilisateur (courrier \u00e9lectronique, demandes de renseignements par t\u00e9l\u00e9phone).<\/span><\/li><li style=\"font-weight: 400;\" aria-level=\"1\"><span style=\"font-weight: 400;\">Personnaliser votre exp\u00e9rience dans le D\u00e9p\u00f4t, cela peut \u00eatre la possibilit\u00e9 que vous avez de cr\u00e9er vos propres compilations avec le contenu qui vous int\u00e9resse une fois que vous avez cr\u00e9\u00e9 un compte.\u00a0<\/span><\/li><li style=\"font-weight: 400;\" aria-level=\"1\"><span style=\"font-weight: 400;\">Maintenir un environnement sain et s\u00fbr sur la plate-forme.\u00a0<\/span><\/li><\/ul><p><b><br \/>2.2. Traitement des IIP<\/b><\/p><p><span style=\"font-weight: 400;\">Nous ne vendons pas, n'\u00e9changeons pas et ne transf\u00e9rons pas \u00e0 des tiers les informations personnelles identifiables collect\u00e9es ou soumises sur ce site.\u00a0<\/span><\/p><p><span style=\"font-weight: 400;\">Nous ne transmettons pas vos informations \u00e0 des tiers, \u00e0 l'exception de l'administration du r\u00e9f\u00e9rentiel aux fins d\u00e9crites pr\u00e9c\u00e9demment. Nous ne divulguons des informations que si nous avons pr\u00e9alablement consult\u00e9 le propri\u00e9taire des donn\u00e9es, ou pour nous conformer \u00e0 la loi, ou encore pour faire appliquer les politiques de notre site.<\/span><\/p><p><span style=\"font-weight: 400;\">Toute information telle que les statistiques du site web d\u00e9crites dans la pr\u00e9sente politique ou les informations personnellement identifiables que vous avez volontairement partag\u00e9es avec nous sont prot\u00e9g\u00e9es par cryptage sur nos serveurs.\u00a0<\/span><\/p><p><b>3. Comment allons-nous notifier les changements apport\u00e9s \u00e0 notre politique de protection de la vie priv\u00e9e ?<\/b><\/p><p><span style=\"font-weight: 400;\">La version la plus r\u00e9cente de notre politique sera toujours disponible sur le site web. Les modifications seront notifi\u00e9es par le biais d'une fen\u00eatre contextuelle sur le site web ou par courrier \u00e9lectronique et, en tant qu'utilisateur, vous aurez la possibilit\u00e9 de continuer \u00e0 b\u00e9n\u00e9ficier ou non des services offerts par le r\u00e9f\u00e9rentiel.<\/span><\/p><p><b>4. Vos droits<\/b><\/p><p><span style=\"font-weight: 400;\">Si vous avez un compte ou si vous utilisez un service du r\u00e9f\u00e9rentiel, vous pouvez exercer vos droits de v\u00e9rification, de modification ou de suppression de vos donn\u00e9es personnelles. Dans le cas d'une demande li\u00e9e \u00e0 l'exercice de tout autre droit, vos donn\u00e9es personnelles peuvent \u00eatre saisies par courrier \u00e9lectronique et doivent contenir les informations suivantes :<\/span><\/p><ol><li style=\"font-weight: 400;\" aria-level=\"1\"><span style=\"font-weight: 400;\">Nom du propri\u00e9taire des IIP<\/span><\/li><li style=\"font-weight: 400;\" aria-level=\"1\"><span style=\"font-weight: 400;\">Un document qui atteste de la propri\u00e9t\u00e9 des donn\u00e9es<\/span><\/li><li style=\"font-weight: 400;\" aria-level=\"1\"><span style=\"font-weight: 400;\">une description claire des informations nominatives sur lesquelles vous souhaitez exercer un droit<\/span><\/li><li style=\"font-weight: 400;\" aria-level=\"1\"><span style=\"font-weight: 400;\">L'interrogation de vos IIP (v\u00e9rification, modification ou suppression)<\/span><\/li><li style=\"font-weight: 400;\" aria-level=\"1\"><span style=\"font-weight: 400;\"><span style=\"font-weight: 400;\"><span style=\"font-weight: 400;\">les \u00e9l\u00e9ments qui nous permettront de trouver les IIP en question (votre compte, le service que vous avez utilis\u00e9)<\/span><\/span><\/span><p>\u00a0<\/p><\/li><\/ol><p><b>5. Nous contacter<\/b><\/p><ul><li style=\"font-weight: 400;\" aria-level=\"1\"><span style=\"font-weight: 400;\">Pour toute question ou plainte relative \u00e0 vos donn\u00e9es personnelles, veuillez nous contacter : <\/span><span style=\"font-weight: 400;\"><a href=\"mailto:cnlearning@apc.org\" target=\"_blank\" rel=\"noopener\">cnlearning@apc.org<\/a><\/span><\/li><\/ul>\t\t\t\t\t\t\t\t<\/div>\n\t\t\t\t<\/div>\n\t\t\t\t\t<\/div>\n\t\t<\/div>\n\t\t\t\t\t<\/div>\n\t\t<\/section>\n\t\t\t\t<\/div>","protected":false},"excerpt":{"rendered":"<p>Our Privacy Policy Community Networks Learning Repository Your privacy and rights over your personal data is very important to us, and this Privacy Policy describes how we collect and use your information when you use any of the services of the Repository. We use what the law considers Personal Identifiable Information (PII) in order to [&hellip;]<\/p>\n","protected":false},"author":1,"featured_media":0,"parent":0,"menu_order":0,"comment_status":"closed","ping_status":"open","template":"elementor_header_footer","meta":{"_acf_changed":false,"footnotes":""},"class_list":["post-3","page","type-page","status-publish","hentry"],"acf":[],"_links":{"self":[{"href":"https:\/\/cnlearning.apc.org\/fr\/wp-json\/wp\/v2\/pages\/3","targetHints":{"allow":["GET"]}}],"collection":[{"href":"https:\/\/cnlearning.apc.org\/fr\/wp-json\/wp\/v2\/pages"}],"about":[{"href":"https:\/\/cnlearning.apc.org\/fr\/wp-json\/wp\/v2\/types\/page"}],"author":[{"embeddable":true,"href":"https:\/\/cnlearning.apc.org\/fr\/wp-json\/wp\/v2\/users\/1"}],"replies":[{"embeddable":true,"href":"https:\/\/cnlearning.apc.org\/fr\/wp-json\/wp\/v2\/comments?post=3"}],"version-history":[{"count":36,"href":"https:\/\/cnlearning.apc.org\/fr\/wp-json\/wp\/v2\/pages\/3\/revisions"}],"predecessor-version":[{"id":989,"href":"https:\/\/cnlearning.apc.org\/fr\/wp-json\/wp\/v2\/pages\/3\/revisions\/989"}],"wp:attachment":[{"href":"https:\/\/cnlearning.apc.org\/fr\/wp-json\/wp\/v2\/media?parent=3"}],"curies":[{"name":"wp","href":"https:\/\/api.w.org\/{rel}","templated":true}]}}