{"id":3673,"date":"2024-12-02T07:33:23","date_gmt":"2024-12-02T12:33:23","guid":{"rendered":"https:\/\/cnlearning.apc.org\/?page_id=3673"},"modified":"2025-09-10T04:38:23","modified_gmt":"2025-09-10T09:38:23","slug":"lapprentissage","status":"publish","type":"page","link":"https:\/\/cnlearning.apc.org\/fr\/lapprentissage\/","title":{"rendered":"Apprentissage"},"content":{"rendered":"<div data-elementor-type=\"wp-page\" data-elementor-id=\"3673\" class=\"elementor elementor-3673\" data-elementor-post-type=\"page\">\n\t\t\t\t\t\t<section data-particle_enable=\"false\" data-particle-mobile-disabled=\"false\" class=\"elementor-section elementor-top-section elementor-element elementor-element-9f4d368 elementor-section-full_width elementor-section-height-default elementor-section-height-default\" data-id=\"9f4d368\" data-element_type=\"section\" data-e-type=\"section\" id=\"Learning_Paths\" data-settings=\"{&quot;background_background&quot;:&quot;classic&quot;}\">\n\t\t\t\t\t\t<div class=\"elementor-container elementor-column-gap-default\">\n\t\t\t\t\t<div class=\"elementor-column elementor-col-100 elementor-top-column elementor-element elementor-element-e585f92\" data-id=\"e585f92\" data-element_type=\"column\" data-e-type=\"column\">\n\t\t\t<div class=\"elementor-widget-wrap elementor-element-populated\">\n\t\t\t\t\t\t<div class=\"elementor-element elementor-element-fe62590 elementor-widget elementor-widget-text-editor\" data-id=\"fe62590\" data-element_type=\"widget\" data-e-type=\"widget\" data-widget_type=\"text-editor.default\">\n\t\t\t\t<div class=\"elementor-widget-container\">\n\t\t\t\t\t\t\t\t\t<h3>Bient\u00f4t disponible<\/h3>\t\t\t\t\t\t\t\t<\/div>\n\t\t\t\t<\/div>\n\t\t\t\t<div class=\"elementor-element elementor-element-85367d3 elementor-widget elementor-widget-heading\" data-id=\"85367d3\" data-element_type=\"widget\" data-e-type=\"widget\" data-widget_type=\"heading.default\">\n\t\t\t\t<div class=\"elementor-widget-container\">\n\t\t\t\t\t<h2 class=\"elementor-heading-title elementor-size-default\">Parcours d'apprentissage<\/h2>\t\t\t\t<\/div>\n\t\t\t\t<\/div>\n\t\t\t\t<section data-particle_enable=\"false\" data-particle-mobile-disabled=\"false\" class=\"elementor-section elementor-inner-section elementor-element elementor-element-138c82d elementor-section-boxed elementor-section-height-default elementor-section-height-default\" data-id=\"138c82d\" data-element_type=\"section\" data-e-type=\"section\">\n\t\t\t\t\t\t<div class=\"elementor-container elementor-column-gap-default\">\n\t\t\t\t\t<div class=\"elementor-column elementor-col-33 elementor-inner-column elementor-element elementor-element-8eeb423\" data-id=\"8eeb423\" data-element_type=\"column\" data-e-type=\"column\" data-settings=\"{&quot;background_background&quot;:&quot;classic&quot;}\">\n\t\t\t<div class=\"elementor-widget-wrap elementor-element-populated\">\n\t\t\t\t\t\t<div class=\"elementor-element elementor-element-5ebb178 elementor-widget__width-inherit elementor-position-top elementor-widget elementor-widget-image-box\" data-id=\"5ebb178\" data-element_type=\"widget\" data-e-type=\"widget\" data-widget_type=\"image-box.default\">\n\t\t\t\t<div class=\"elementor-widget-container\">\n\t\t\t\t\t<div class=\"elementor-image-box-wrapper\"><figure class=\"elementor-image-box-img\"><img fetchpriority=\"high\" decoding=\"async\" width=\"768\" height=\"599\" src=\"https:\/\/cnlearning.apc.org\/wp-content\/uploads\/2023\/12\/Captura de pantalla 2023-12-04 a les 14.02.07-768x599.png\" class=\"attachment-medium_large size-medium_large wp-image-3107\" alt=\"\" srcset=\"\" sizes=\"(max-width: 768px) 100vw, 768px\" data-srcset=\"\" \/><\/figure><div class=\"elementor-image-box-content\"><h4 class=\"elementor-image-box-title\">Fournisseurs de connectivit\u00e9 centr\u00e9e sur la communaut\u00e9<\/h4><\/div><\/div>\t\t\t\t<\/div>\n\t\t\t\t<\/div>\n\t\t\t\t\t<\/div>\n\t\t<\/div>\n\t\t\t\t<div class=\"elementor-column elementor-col-33 elementor-inner-column elementor-element elementor-element-c0ca122\" data-id=\"c0ca122\" data-element_type=\"column\" data-e-type=\"column\" data-settings=\"{&quot;background_background&quot;:&quot;classic&quot;}\">\n\t\t\t<div class=\"elementor-widget-wrap elementor-element-populated\">\n\t\t\t\t\t\t<div class=\"elementor-element elementor-element-079cd53 elementor-widget__width-inherit elementor-position-top elementor-widget elementor-widget-image-box\" data-id=\"079cd53\" data-element_type=\"widget\" data-e-type=\"widget\" data-widget_type=\"image-box.default\">\n\t\t\t\t<div class=\"elementor-widget-container\">\n\t\t\t\t\t<div class=\"elementor-image-box-wrapper\"><figure class=\"elementor-image-box-img\"><img decoding=\"async\" width=\"768\" height=\"432\" src=\"https:\/\/cnlearning.apc.org\/wp-content\/uploads\/2023\/11\/2-768x432.jpg\" class=\"attachment-medium_large size-medium_large wp-image-2774\" alt=\"\" srcset=\"https:\/\/cnlearning.apc.org\/wp-content\/uploads\/2023\/11\/2-768x432.jpg 768w, https:\/\/cnlearning.apc.org\/wp-content\/uploads\/2023\/11\/2-300x169.jpg 300w, https:\/\/cnlearning.apc.org\/wp-content\/uploads\/2023\/11\/2-1024x576.jpg 1024w, https:\/\/cnlearning.apc.org\/wp-content\/uploads\/2023\/11\/2-1536x864.jpg 1536w, https:\/\/cnlearning.apc.org\/wp-content\/uploads\/2023\/11\/2-2048x1152.jpg 2048w, https:\/\/cnlearning.apc.org\/wp-content\/uploads\/2023\/11\/2-18x10.jpg 18w\" sizes=\"(max-width: 768px) 100vw, 768px\" \/><\/figure><div class=\"elementor-image-box-content\"><h4 class=\"elementor-image-box-title\">Autonomie technologique et innovation locale<\/h4><\/div><\/div>\t\t\t\t<\/div>\n\t\t\t\t<\/div>\n\t\t\t\t\t<\/div>\n\t\t<\/div>\n\t\t\t\t<div class=\"elementor-column elementor-col-33 elementor-inner-column elementor-element elementor-element-d928a03\" data-id=\"d928a03\" data-element_type=\"column\" data-e-type=\"column\" data-settings=\"{&quot;background_background&quot;:&quot;classic&quot;}\">\n\t\t\t<div class=\"elementor-widget-wrap elementor-element-populated\">\n\t\t\t\t\t\t<div class=\"elementor-element elementor-element-0c7dcda elementor-widget__width-inherit elementor-position-top elementor-widget elementor-widget-image-box\" data-id=\"0c7dcda\" data-element_type=\"widget\" data-e-type=\"widget\" data-widget_type=\"image-box.default\">\n\t\t\t\t<div class=\"elementor-widget-container\">\n\t\t\t\t\t<div class=\"elementor-image-box-wrapper\"><figure class=\"elementor-image-box-img\"><img decoding=\"async\" width=\"768\" height=\"512\" src=\"https:\/\/cnlearning.apc.org\/wp-content\/uploads\/2023\/11\/3-768x512.jpg\" class=\"attachment-medium_large size-medium_large wp-image-2775\" alt=\"\" srcset=\"https:\/\/cnlearning.apc.org\/wp-content\/uploads\/2023\/11\/3-768x512.jpg 768w, https:\/\/cnlearning.apc.org\/wp-content\/uploads\/2023\/11\/3-300x200.jpg 300w, https:\/\/cnlearning.apc.org\/wp-content\/uploads\/2023\/11\/3-1024x683.jpg 1024w, https:\/\/cnlearning.apc.org\/wp-content\/uploads\/2023\/11\/3-1536x1024.jpg 1536w, https:\/\/cnlearning.apc.org\/wp-content\/uploads\/2023\/11\/3-2048x1365.jpg 2048w, https:\/\/cnlearning.apc.org\/wp-content\/uploads\/2023\/11\/3-18x12.jpg 18w\" sizes=\"(max-width: 768px) 100vw, 768px\" \/><\/figure><div class=\"elementor-image-box-content\"><h4 class=\"elementor-image-box-title\">Genre et inclusion num\u00e9rique<\/h4><\/div><\/div>\t\t\t\t<\/div>\n\t\t\t\t<\/div>\n\t\t\t\t\t<\/div>\n\t\t<\/div>\n\t\t\t\t\t<\/div>\n\t\t<\/section>\n\t\t\t\t<section data-particle_enable=\"false\" data-particle-mobile-disabled=\"false\" class=\"elementor-section elementor-inner-section elementor-element elementor-element-2836e1f elementor-section-boxed elementor-section-height-default elementor-section-height-default\" data-id=\"2836e1f\" data-element_type=\"section\" data-e-type=\"section\">\n\t\t\t\t\t\t<div class=\"elementor-container elementor-column-gap-default\">\n\t\t\t\t\t<div class=\"elementor-column elementor-col-33 elementor-inner-column elementor-element elementor-element-9d3bcf7\" data-id=\"9d3bcf7\" data-element_type=\"column\" data-e-type=\"column\" data-settings=\"{&quot;background_background&quot;:&quot;classic&quot;}\">\n\t\t\t<div class=\"elementor-widget-wrap elementor-element-populated\">\n\t\t\t\t\t\t<div class=\"elementor-element elementor-element-889ad07 elementor-widget__width-inherit elementor-position-top elementor-widget elementor-widget-image-box\" data-id=\"889ad07\" data-element_type=\"widget\" data-e-type=\"widget\" data-widget_type=\"image-box.default\">\n\t\t\t\t<div class=\"elementor-widget-container\">\n\t\t\t\t\t<div class=\"elementor-image-box-wrapper\"><figure class=\"elementor-image-box-img\"><img loading=\"lazy\" decoding=\"async\" width=\"705\" height=\"393\" src=\"https:\/\/cnlearning.apc.org\/wp-content\/uploads\/2023\/05\/nigeriannationalschool_day1_photocitad-1.jpeg\" class=\"attachment-medium_large size-medium_large wp-image-1851\" alt=\"\" srcset=\"https:\/\/cnlearning.apc.org\/wp-content\/uploads\/2023\/05\/nigeriannationalschool_day1_photocitad-1.jpeg 705w, https:\/\/cnlearning.apc.org\/wp-content\/uploads\/2023\/05\/nigeriannationalschool_day1_photocitad-1-300x167.jpeg 300w, https:\/\/cnlearning.apc.org\/wp-content\/uploads\/2023\/05\/nigeriannationalschool_day1_photocitad-1-18x10.jpeg 18w\" sizes=\"(max-width: 705px) 100vw, 705px\" \/><\/figure><div class=\"elementor-image-box-content\"><h4 class=\"elementor-image-box-title\">Politique et r\u00e9glementation<\/h4><\/div><\/div>\t\t\t\t<\/div>\n\t\t\t\t<\/div>\n\t\t\t\t\t<\/div>\n\t\t<\/div>\n\t\t\t\t<div class=\"elementor-column elementor-col-33 elementor-inner-column elementor-element elementor-element-2b93a47\" data-id=\"2b93a47\" data-element_type=\"column\" data-e-type=\"column\" data-settings=\"{&quot;background_background&quot;:&quot;classic&quot;}\">\n\t\t\t<div class=\"elementor-widget-wrap elementor-element-populated\">\n\t\t\t\t\t\t<div class=\"elementor-element elementor-element-ed2ca69 elementor-widget__width-inherit elementor-position-top elementor-widget elementor-widget-image-box\" data-id=\"ed2ca69\" data-element_type=\"widget\" data-e-type=\"widget\" data-widget_type=\"image-box.default\">\n\t\t\t\t<div class=\"elementor-widget-container\">\n\t\t\t\t\t<div class=\"elementor-image-box-wrapper\"><figure class=\"elementor-image-box-img\"><img loading=\"lazy\" decoding=\"async\" width=\"768\" height=\"767\" src=\"https:\/\/cnlearning.apc.org\/wp-content\/uploads\/2023\/05\/277001644_5279778428744401_7326468404941727829_n-768x767.jpg\" class=\"attachment-medium_large size-medium_large wp-image-1876\" alt=\"\" srcset=\"https:\/\/cnlearning.apc.org\/wp-content\/uploads\/2023\/05\/277001644_5279778428744401_7326468404941727829_n-768x767.jpg 768w, https:\/\/cnlearning.apc.org\/wp-content\/uploads\/2023\/05\/277001644_5279778428744401_7326468404941727829_n-300x300.jpg 300w, https:\/\/cnlearning.apc.org\/wp-content\/uploads\/2023\/05\/277001644_5279778428744401_7326468404941727829_n-1024x1024.jpg 1024w, https:\/\/cnlearning.apc.org\/wp-content\/uploads\/2023\/05\/277001644_5279778428744401_7326468404941727829_n-150x150.jpg 150w, https:\/\/cnlearning.apc.org\/wp-content\/uploads\/2023\/05\/277001644_5279778428744401_7326468404941727829_n-12x12.jpg 12w, https:\/\/cnlearning.apc.org\/wp-content\/uploads\/2023\/05\/277001644_5279778428744401_7326468404941727829_n.jpg 1440w\" sizes=\"(max-width: 768px) 100vw, 768px\" \/><\/figure><div class=\"elementor-image-box-content\"><h4 class=\"elementor-image-box-title\">Organiser et soutenir les r\u00e9seaux communautaires<\/h4><\/div><\/div>\t\t\t\t<\/div>\n\t\t\t\t<\/div>\n\t\t\t\t\t<\/div>\n\t\t<\/div>\n\t\t\t\t<div class=\"elementor-column elementor-col-33 elementor-inner-column elementor-element elementor-element-be98a6f\" data-id=\"be98a6f\" data-element_type=\"column\" data-e-type=\"column\" data-settings=\"{&quot;background_background&quot;:&quot;classic&quot;}\">\n\t\t\t<div class=\"elementor-widget-wrap elementor-element-populated\">\n\t\t\t\t\t\t<div class=\"elementor-element elementor-element-f650df4 elementor-widget__width-inherit elementor-position-top elementor-widget elementor-widget-image-box\" data-id=\"f650df4\" data-element_type=\"widget\" data-e-type=\"widget\" data-widget_type=\"image-box.default\">\n\t\t\t\t<div class=\"elementor-widget-container\">\n\t\t\t\t\t<div class=\"elementor-image-box-wrapper\"><figure class=\"elementor-image-box-img\"><img loading=\"lazy\" decoding=\"async\" width=\"768\" height=\"1152\" src=\"https:\/\/cnlearning.apc.org\/wp-content\/uploads\/2023\/05\/00000024-768x1152.jpg\" class=\"attachment-medium_large size-medium_large wp-image-1907\" alt=\"\" srcset=\"https:\/\/cnlearning.apc.org\/wp-content\/uploads\/2023\/05\/00000024-768x1152.jpg 768w, https:\/\/cnlearning.apc.org\/wp-content\/uploads\/2023\/05\/00000024-200x300.jpg 200w, https:\/\/cnlearning.apc.org\/wp-content\/uploads\/2023\/05\/00000024-683x1024.jpg 683w, https:\/\/cnlearning.apc.org\/wp-content\/uploads\/2023\/05\/00000024-1024x1536.jpg 1024w, https:\/\/cnlearning.apc.org\/wp-content\/uploads\/2023\/05\/00000024-1365x2048.jpg 1365w, https:\/\/cnlearning.apc.org\/wp-content\/uploads\/2023\/05\/00000024-8x12.jpg 8w, https:\/\/cnlearning.apc.org\/wp-content\/uploads\/2023\/05\/00000024-scaled.jpg 1707w\" sizes=\"(max-width: 768px) 100vw, 768px\" \/><\/figure><div class=\"elementor-image-box-content\"><h4 class=\"elementor-image-box-title\">Radio et communication<\/h4><\/div><\/div>\t\t\t\t<\/div>\n\t\t\t\t<\/div>\n\t\t\t\t\t<\/div>\n\t\t<\/div>\n\t\t\t\t\t<\/div>\n\t\t<\/section>\n\t\t\t\t\t<\/div>\n\t\t<\/div>\n\t\t\t\t\t<\/div>\n\t\t<\/section>\n\t\t\t\t<\/div>","protected":false},"excerpt":{"rendered":"<p>Prochainement Parcours d'apprentissage Fournisseurs de connectivit\u00e9 centr\u00e9s sur la communaut\u00e9 Autonomie technologique et innovation locale Genre et inclusion num\u00e9rique Politique et r\u00e9glementation Organisation et p\u00e9rennisation des r\u00e9seaux communautaires Radio et communication<\/p>","protected":false},"author":1,"featured_media":0,"parent":0,"menu_order":0,"comment_status":"closed","ping_status":"closed","template":"elementor_header_footer","meta":{"_acf_changed":false,"footnotes":""},"class_list":["post-3673","page","type-page","status-publish","hentry"],"acf":[],"_links":{"self":[{"href":"https:\/\/cnlearning.apc.org\/fr\/wp-json\/wp\/v2\/pages\/3673","targetHints":{"allow":["GET"]}}],"collection":[{"href":"https:\/\/cnlearning.apc.org\/fr\/wp-json\/wp\/v2\/pages"}],"about":[{"href":"https:\/\/cnlearning.apc.org\/fr\/wp-json\/wp\/v2\/types\/page"}],"author":[{"embeddable":true,"href":"https:\/\/cnlearning.apc.org\/fr\/wp-json\/wp\/v2\/users\/1"}],"replies":[{"embeddable":true,"href":"https:\/\/cnlearning.apc.org\/fr\/wp-json\/wp\/v2\/comments?post=3673"}],"version-history":[{"count":78,"href":"https:\/\/cnlearning.apc.org\/fr\/wp-json\/wp\/v2\/pages\/3673\/revisions"}],"predecessor-version":[{"id":4132,"href":"https:\/\/cnlearning.apc.org\/fr\/wp-json\/wp\/v2\/pages\/3673\/revisions\/4132"}],"wp:attachment":[{"href":"https:\/\/cnlearning.apc.org\/fr\/wp-json\/wp\/v2\/media?parent=3673"}],"curies":[{"name":"wp","href":"https:\/\/api.w.org\/{rel}","templated":true}]}}