{"id":4030,"date":"2025-06-11T08:32:29","date_gmt":"2025-06-11T13:32:29","guid":{"rendered":"https:\/\/cnlearning.apc.org\/?page_id=4030"},"modified":"2025-09-10T04:43:31","modified_gmt":"2025-09-10T09:43:31","slug":"corong-pembelajaran","status":"publish","type":"page","link":"https:\/\/cnlearning.apc.org\/id\/corong-pembelajaran\/","title":{"rendered":"Learning Funnel"},"content":{"rendered":"<div data-elementor-type=\"wp-page\" data-elementor-id=\"4030\" class=\"elementor elementor-4030\" data-elementor-post-type=\"page\">\n\t\t\t\t<div data-particle_enable=\"false\" data-particle-mobile-disabled=\"false\" class=\"elementor-element elementor-element-dce86dc e-con-full e-flex e-con e-parent\" data-id=\"dce86dc\" data-element_type=\"container\" data-e-type=\"container\" id=\"Learning_Paths\" data-settings=\"{&quot;background_background&quot;:&quot;classic&quot;}\">\n\t\t<div data-particle_enable=\"false\" data-particle-mobile-disabled=\"false\" class=\"elementor-element elementor-element-00a82bf e-con-full e-flex e-con e-child\" data-id=\"00a82bf\" data-element_type=\"container\" data-e-type=\"container\">\n\t\t\t\t<div class=\"elementor-element elementor-element-378619d elementor-widget elementor-widget-heading\" data-id=\"378619d\" data-element_type=\"widget\" data-e-type=\"widget\" data-widget_type=\"heading.default\">\n\t\t\t\t<div class=\"elementor-widget-container\">\n\t\t\t\t\t<h2 class=\"elementor-heading-title elementor-size-default\">Format formulir untuk media komunikasi<\/h2>\t\t\t\t<\/div>\n\t\t\t\t<\/div>\n\t\t\t\t<div class=\"elementor-element elementor-element-9c07df5 elementor-widget elementor-widget-text-editor\" data-id=\"9c07df5\" data-element_type=\"widget\" data-e-type=\"widget\" data-widget_type=\"text-editor.default\">\n\t\t\t\t<div class=\"elementor-widget-container\">\n\t\t\t\t\t\t\t\t\t<p>Ruang pengembangan bagi para inisiator yang menggunakan teknologi yang disesuaikan dengan kebutuhan khusus komunikasi komunitas mereka, yang mendorong otonomi dan konektivitas yang signifikan.<\/p>\t\t\t\t\t\t\t\t<\/div>\n\t\t\t\t<\/div>\n\t\t\t\t<\/div>\n\t\t\t\t<\/div>\n\t\t<div data-particle_enable=\"false\" data-particle-mobile-disabled=\"false\" class=\"elementor-element elementor-element-193640e e-flex e-con-boxed e-con e-parent\" data-id=\"193640e\" data-element_type=\"container\" data-e-type=\"container\">\n\t\t\t\t\t<div class=\"e-con-inner\">\n\t\t<div data-particle_enable=\"false\" data-particle-mobile-disabled=\"false\" class=\"elementor-element elementor-element-fdcbb7d e-con-full e-flex e-con e-child\" data-id=\"fdcbb7d\" data-element_type=\"container\" data-e-type=\"container\">\n\t\t<div data-particle_enable=\"false\" data-particle-mobile-disabled=\"false\" class=\"elementor-element elementor-element-3b9ffa8 e-con-full e-flex e-con e-child\" data-id=\"3b9ffa8\" data-element_type=\"container\" data-e-type=\"container\">\n\t\t\t\t<div class=\"elementor-element elementor-element-b1b892e elementor-widget elementor-widget-image\" data-id=\"b1b892e\" data-element_type=\"widget\" data-e-type=\"widget\" data-widget_type=\"image.default\">\n\t\t\t\t<div class=\"elementor-widget-container\">\n\t\t\t\t\t\t\t\t\t\t\t\t\t\t\t<img fetchpriority=\"high\" decoding=\"async\" width=\"800\" height=\"700\" src=\"https:\/\/cnlearning.apc.org\/wp-content\/uploads\/2025\/06\/GOPR0255-1024x896.jpg\" class=\"attachment-large size-large wp-image-4031\" alt=\"\" srcset=\"https:\/\/cnlearning.apc.org\/wp-content\/uploads\/2025\/06\/GOPR0255-1024x896.jpg 1024w, https:\/\/cnlearning.apc.org\/wp-content\/uploads\/2025\/06\/GOPR0255-300x263.jpg 300w, https:\/\/cnlearning.apc.org\/wp-content\/uploads\/2025\/06\/GOPR0255-768x672.jpg 768w, https:\/\/cnlearning.apc.org\/wp-content\/uploads\/2025\/06\/GOPR0255-14x12.jpg 14w, https:\/\/cnlearning.apc.org\/wp-content\/uploads\/2025\/06\/GOPR0255.jpg 1392w\" sizes=\"(max-width: 800px) 100vw, 800px\" \/>\t\t\t\t\t\t\t\t\t\t\t\t\t\t\t<\/div>\n\t\t\t\t<\/div>\n\t\t\t\t<div class=\"elementor-element elementor-element-a17b6b2 elementor-widget elementor-widget-heading\" data-id=\"a17b6b2\" data-element_type=\"widget\" data-e-type=\"widget\" data-widget_type=\"heading.default\">\n\t\t\t\t<div class=\"elementor-widget-container\">\n\t\t\t\t\t<h2 class=\"elementor-heading-title elementor-size-default\">Cursos en espa\u00f1ol\n<\/h2>\t\t\t\t<\/div>\n\t\t\t\t<\/div>\n\t\t\t\t<div class=\"elementor-element elementor-element-526a81d elementor-widget elementor-widget-text-editor\" data-id=\"526a81d\" data-element_type=\"widget\" data-e-type=\"widget\" data-widget_type=\"text-editor.default\">\n\t\t\t\t<div class=\"elementor-widget-container\">\n\t\t\t\t\t\t\t\t\t<p>Program lengkap yang dirancang untuk konteks Amerika Latin, dengan fokus pada keamanan dan penerapan teknologi komunal.<\/p>\t\t\t\t\t\t\t\t<\/div>\n\t\t\t\t<\/div>\n\t\t\t\t<\/div>\n\t\t<div data-particle_enable=\"false\" data-particle-mobile-disabled=\"false\" class=\"elementor-element elementor-element-a147a57 e-con-full e-flex e-con e-child\" data-id=\"a147a57\" data-element_type=\"container\" data-e-type=\"container\">\n\t\t\t\t<div class=\"elementor-element elementor-element-0bb504f elementor-align-center elementor-widget elementor-widget-button\" data-id=\"0bb504f\" data-element_type=\"widget\" data-e-type=\"widget\" data-widget_type=\"button.default\">\n\t\t\t\t<div class=\"elementor-widget-container\">\n\t\t\t\t\t\t\t\t\t<div class=\"elementor-button-wrapper\">\n\t\t\t\t\t<a class=\"elementor-button elementor-button-link elementor-size-sm\" href=\"https:\/\/cursos.rhizomatica.org\/\" target=\"_blank\">\n\t\t\t\t\t\t<span class=\"elementor-button-content-wrapper\">\n\t\t\t\t\t\t\t\t\t<span class=\"elementor-button-text\">Cursos<\/span>\n\t\t\t\t\t<\/span>\n\t\t\t\t\t<\/a>\n\t\t\t\t<\/div>\n\t\t\t\t\t\t\t\t<\/div>\n\t\t\t\t<\/div>\n\t\t\t\t<\/div>\n\t\t\t\t<\/div>\n\t\t<div data-particle_enable=\"false\" data-particle-mobile-disabled=\"false\" class=\"elementor-element elementor-element-213d6fb e-con-full e-flex e-con e-child\" data-id=\"213d6fb\" data-element_type=\"container\" data-e-type=\"container\">\n\t\t<div data-particle_enable=\"false\" data-particle-mobile-disabled=\"false\" class=\"elementor-element elementor-element-47874f5 e-con-full e-flex e-con e-child\" data-id=\"47874f5\" data-element_type=\"container\" data-e-type=\"container\">\n\t\t\t\t<div class=\"elementor-element elementor-element-f5eac72 elementor-widget elementor-widget-image\" data-id=\"f5eac72\" data-element_type=\"widget\" data-e-type=\"widget\" data-widget_type=\"image.default\">\n\t\t\t\t<div class=\"elementor-widget-container\">\n\t\t\t\t\t\t\t\t\t\t\t\t\t\t\t<img decoding=\"async\" width=\"800\" height=\"534\" src=\"https:\/\/cnlearning.apc.org\/wp-content\/uploads\/2025\/06\/IMG_6666-1024x683.jpg\" class=\"attachment-large size-large wp-image-4032\" alt=\"\" srcset=\"https:\/\/cnlearning.apc.org\/wp-content\/uploads\/2025\/06\/IMG_6666-1024x683.jpg 1024w, https:\/\/cnlearning.apc.org\/wp-content\/uploads\/2025\/06\/IMG_6666-300x200.jpg 300w, https:\/\/cnlearning.apc.org\/wp-content\/uploads\/2025\/06\/IMG_6666-768x512.jpg 768w, https:\/\/cnlearning.apc.org\/wp-content\/uploads\/2025\/06\/IMG_6666-18x12.jpg 18w, https:\/\/cnlearning.apc.org\/wp-content\/uploads\/2025\/06\/IMG_6666.jpg 1368w\" sizes=\"(max-width: 800px) 100vw, 800px\" \/>\t\t\t\t\t\t\t\t\t\t\t\t\t\t\t<\/div>\n\t\t\t\t<\/div>\n\t\t\t\t<div class=\"elementor-element elementor-element-89d80a7 elementor-widget elementor-widget-heading\" data-id=\"89d80a7\" data-element_type=\"widget\" data-e-type=\"widget\" data-widget_type=\"heading.default\">\n\t\t\t\t<div class=\"elementor-widget-container\">\n\t\t\t\t\t<h2 class=\"elementor-heading-title elementor-size-default\">Kursus dalam bahasa Inggris\n<\/h2>\t\t\t\t<\/div>\n\t\t\t\t<\/div>\n\t\t\t\t<div class=\"elementor-element elementor-element-1ef7fac elementor-widget elementor-widget-text-editor\" data-id=\"1ef7fac\" data-element_type=\"widget\" data-e-type=\"widget\" data-widget_type=\"text-editor.default\">\n\t\t\t\t<div class=\"elementor-widget-container\">\n\t\t\t\t\t\t\t\t\t<p>Program peningkatan kapasitas untuk jaringan komunitas, dengan menekankan pembelajaran sebaya dan adaptasi lokal.<\/p>\t\t\t\t\t\t\t\t<\/div>\n\t\t\t\t<\/div>\n\t\t\t\t<\/div>\n\t\t<div data-particle_enable=\"false\" data-particle-mobile-disabled=\"false\" class=\"elementor-element elementor-element-f1f9a71 e-con-full e-flex e-con e-child\" data-id=\"f1f9a71\" data-element_type=\"container\" data-e-type=\"container\">\n\t\t\t\t<div class=\"elementor-element elementor-element-ff69aad elementor-align-center elementor-widget elementor-widget-button\" data-id=\"ff69aad\" data-element_type=\"widget\" data-e-type=\"widget\" data-widget_type=\"button.default\">\n\t\t\t\t<div class=\"elementor-widget-container\">\n\t\t\t\t\t\t\t\t\t<div class=\"elementor-button-wrapper\">\n\t\t\t\t\t<a class=\"elementor-button elementor-button-link elementor-size-sm\" href=\"https:\/\/moodle.rhizomatica.org\/\" target=\"_blank\">\n\t\t\t\t\t\t<span class=\"elementor-button-content-wrapper\">\n\t\t\t\t\t\t\t\t\t<span class=\"elementor-button-text\">E-learning<\/span>\n\t\t\t\t\t<\/span>\n\t\t\t\t\t<\/a>\n\t\t\t\t<\/div>\n\t\t\t\t\t\t\t\t<\/div>\n\t\t\t\t<\/div>\n\t\t\t\t<\/div>\n\t\t\t\t<\/div>\n\t\t\t\t\t<\/div>\n\t\t\t\t<\/div>\n\t\t<div data-particle_enable=\"false\" data-particle-mobile-disabled=\"false\" class=\"elementor-element elementor-element-3bd6448 e-flex e-con-boxed e-con e-parent\" data-id=\"3bd6448\" data-element_type=\"container\" data-e-type=\"container\">\n\t\t\t\t\t<div class=\"e-con-inner\">\n\t\t\t\t<div class=\"elementor-element elementor-element-f8a17dd elementor-widget elementor-widget-spacer\" data-id=\"f8a17dd\" data-element_type=\"widget\" data-e-type=\"widget\" data-widget_type=\"spacer.default\">\n\t\t\t\t<div class=\"elementor-widget-container\">\n\t\t\t\t\t\t\t<div class=\"elementor-spacer\">\n\t\t\t<div class=\"elementor-spacer-inner\"><\/div>\n\t\t<\/div>\n\t\t\t\t\t\t<\/div>\n\t\t\t\t<\/div>\n\t\t\t\t\t<\/div>\n\t\t\t\t<\/div>\n\t\t\t\t<\/div>","protected":false},"excerpt":{"rendered":"<p>Plataforma de formaci\u00f3n para redes comunitarias Espacio de aprendizaje para iniciativas que usan tecnolog\u00eda adaptada a las necesidades espec\u00edficas de comunicaci\u00f3n de sus comunidades, fomentando autonom\u00eda y conectividad significativa. Cursos en espa\u00f1ol Programas completos dise\u00f1ados para el contexto latinoamericano, con enfoque en sostenibilidad y apropiaci\u00f3n tecnol\u00f3gica comunitaria. Cursos Courses in English Capacity building programs for [&hellip;]<\/p>\n","protected":false},"author":1,"featured_media":0,"parent":0,"menu_order":0,"comment_status":"closed","ping_status":"closed","template":"elementor_header_footer","meta":{"_acf_changed":false,"footnotes":""},"class_list":["post-4030","page","type-page","status-publish","hentry"],"acf":[],"_links":{"self":[{"href":"https:\/\/cnlearning.apc.org\/id\/wp-json\/wp\/v2\/pages\/4030","targetHints":{"allow":["GET"]}}],"collection":[{"href":"https:\/\/cnlearning.apc.org\/id\/wp-json\/wp\/v2\/pages"}],"about":[{"href":"https:\/\/cnlearning.apc.org\/id\/wp-json\/wp\/v2\/types\/page"}],"author":[{"embeddable":true,"href":"https:\/\/cnlearning.apc.org\/id\/wp-json\/wp\/v2\/users\/1"}],"replies":[{"embeddable":true,"href":"https:\/\/cnlearning.apc.org\/id\/wp-json\/wp\/v2\/comments?post=4030"}],"version-history":[{"count":27,"href":"https:\/\/cnlearning.apc.org\/id\/wp-json\/wp\/v2\/pages\/4030\/revisions"}],"predecessor-version":[{"id":4143,"href":"https:\/\/cnlearning.apc.org\/id\/wp-json\/wp\/v2\/pages\/4030\/revisions\/4143"}],"wp:attachment":[{"href":"https:\/\/cnlearning.apc.org\/id\/wp-json\/wp\/v2\/media?parent=4030"}],"curies":[{"name":"wp","href":"https:\/\/api.w.org\/{rel}","templated":true}]}}