{"id":3,"date":"2022-09-28T02:17:30","date_gmt":"2022-09-28T02:17:30","guid":{"rendered":"https:\/\/cnlearning.apc.org\/?page_id=3"},"modified":"2022-12-16T22:01:16","modified_gmt":"2022-12-17T03:01:16","slug":"politica-de-privacidade","status":"publish","type":"page","link":"https:\/\/cnlearning.apc.org\/pt\/politica-de-privacidade\/","title":{"rendered":"Pol\u00edtica de privacidade"},"content":{"rendered":"<div data-elementor-type=\"wp-page\" data-elementor-id=\"3\" class=\"elementor elementor-3\" data-elementor-post-type=\"page\">\n\t\t\t\t\t\t<section data-particle_enable=\"false\" data-particle-mobile-disabled=\"false\" class=\"elementor-section elementor-top-section elementor-element elementor-element-1838007 elementor-section-boxed elementor-section-height-default elementor-section-height-default\" data-id=\"1838007\" data-element_type=\"section\" data-e-type=\"section\" data-settings=\"{&quot;background_background&quot;:&quot;classic&quot;,&quot;shape_divider_bottom&quot;:&quot;waves&quot;,&quot;shape_divider_bottom_negative&quot;:&quot;yes&quot;}\">\n\t\t\t\t\t<div class=\"elementor-shape elementor-shape-bottom\" aria-hidden=\"true\" data-negative=\"true\">\n\t\t\t<svg xmlns=\"http:\/\/www.w3.org\/2000\/svg\" viewbox=\"0 0 1000 100\" preserveaspectratio=\"none\">\n\t<path class=\"elementor-shape-fill\" d=\"M790.5,93.1c-59.3-5.3-116.8-18-192.6-50c-29.6-12.7-76.9-31-100.5-35.9c-23.6-4.9-52.6-7.8-75.5-5.3\tc-10.2,1.1-22.6,1.4-50.1,7.4c-27.2,6.3-58.2,16.6-79.4,24.7c-41.3,15.9-94.9,21.9-134,22.6C72,58.2,0,25.8,0,25.8V100h1000V65.3\tc0,0-51.5,19.4-106.2,25.7C839.5,97,814.1,95.2,790.5,93.1z\"\/>\n<\/svg>\t\t<\/div>\n\t\t\t\t\t<div class=\"elementor-container elementor-column-gap-default\">\n\t\t\t\t\t<div class=\"elementor-column elementor-col-100 elementor-top-column elementor-element elementor-element-54de5ea\" data-id=\"54de5ea\" data-element_type=\"column\" data-e-type=\"column\">\n\t\t\t<div class=\"elementor-widget-wrap elementor-element-populated\">\n\t\t\t\t\t\t<div class=\"elementor-element elementor-element-4bee65d elementor-widget elementor-widget-heading\" data-id=\"4bee65d\" data-element_type=\"widget\" data-e-type=\"widget\" data-widget_type=\"heading.default\">\n\t\t\t\t<div class=\"elementor-widget-container\">\n\t\t\t\t\t<h2 class=\"elementor-heading-title elementor-size-default\">Nossa pol\u00edtica de privacidade<\/h2>\t\t\t\t<\/div>\n\t\t\t\t<\/div>\n\t\t\t\t<div class=\"elementor-element elementor-element-3886e1c elementor-widget elementor-widget-heading\" data-id=\"3886e1c\" data-element_type=\"widget\" data-e-type=\"widget\" data-widget_type=\"heading.default\">\n\t\t\t\t<div class=\"elementor-widget-container\">\n\t\t\t\t\t<h2 class=\"elementor-heading-title elementor-size-default\">Reposit\u00f3rio de aprendizado de redes comunit\u00e1rias<\/h2>\t\t\t\t<\/div>\n\t\t\t\t<\/div>\n\t\t\t\t\t<\/div>\n\t\t<\/div>\n\t\t\t\t\t<\/div>\n\t\t<\/section>\n\t\t\t\t<section data-particle_enable=\"false\" data-particle-mobile-disabled=\"false\" class=\"elementor-section elementor-top-section elementor-element elementor-element-7eccb758 elementor-section-boxed elementor-section-height-default elementor-section-height-default\" data-id=\"7eccb758\" data-element_type=\"section\" data-e-type=\"section\">\n\t\t\t\t\t\t<div class=\"elementor-container elementor-column-gap-default\">\n\t\t\t\t\t<div class=\"elementor-column elementor-col-100 elementor-top-column elementor-element elementor-element-1fd40376\" data-id=\"1fd40376\" data-element_type=\"column\" data-e-type=\"column\">\n\t\t\t<div class=\"elementor-widget-wrap elementor-element-populated\">\n\t\t\t\t\t\t<div class=\"elementor-element elementor-element-39640b24 elementor-widget elementor-widget-text-editor\" data-id=\"39640b24\" data-element_type=\"widget\" data-e-type=\"widget\" data-widget_type=\"text-editor.default\">\n\t\t\t\t<div class=\"elementor-widget-container\">\n\t\t\t\t\t\t\t\t\t<p>Sua privacidade e seus direitos sobre seus dados pessoais s\u00e3o muito importantes para n\u00f3s, e esta Pol\u00edtica de Privacidade descreve como coletamos e usamos suas informa\u00e7\u00f5es quando voc\u00ea usa qualquer um dos servi\u00e7os do Reposit\u00f3rio.<\/p><p>Usamos o que a lei considera <b><i>Informa\u00e7\u00f5es de identifica\u00e7\u00e3o pessoal (PII)<\/i> <\/b>a fim de cumprir os objetivos do Reposit\u00f3rio. Esses Dados de Identifica\u00e7\u00e3o Pessoal podem ser usados para identificar, contatar ou localizar uma \u00fanica pessoa e, por isso, s\u00e3o protegidos por lei.<\/p><p><b style=\"color: var( --e-global-color-d8f59f0 );\">1. Nome e endere\u00e7o da entidade respons\u00e1vel<\/b><\/p><p><span style=\"font-weight: 400;\">Association for Progressive Communications (APC), Melville, 2109, \u00c1frica do Sul. privacy@apc.org<\/span><\/p><p><b>2. Servi\u00e7os do reposit\u00f3rio<\/b><\/p><p><span style=\"font-weight: 400;\">Este Reposit\u00f3rio \u00e9 uma iniciativa coletiva para apoiar projetos de comunica\u00e7\u00e3o comunit\u00e1ria por meio do armazenamento, compartilhamento e troca de conte\u00fado criado por comunidades em todo o mundo. Esses recursos podem ser publica\u00e7\u00f5es, \u00e1udios, v\u00eddeos, guias de treinamento, sites, entre outros. Os usu\u00e1rios podem enviar conte\u00fado e o comit\u00ea respons\u00e1vel pela curadoria publicar\u00e1 e distribuir\u00e1 o conte\u00fado no Reposit\u00f3rio ap\u00f3s a valida\u00e7\u00e3o.<\/span><\/p><p><b>2.1. Informa\u00e7\u00f5es pessoais que coletamos<\/b><\/p><p><span style=\"font-weight: 400;\">Quando voc\u00ea cria uma conta no Reposit\u00f3rio para usar os servi\u00e7os que ele oferece, como boletim informativo, pesquisas, enquetes, upload de conte\u00fado, navega\u00e7\u00e3o no site ou algo relacionado a essas a\u00e7\u00f5es, coletamos informa\u00e7\u00f5es para esses fins:<\/span><\/p><ul><li style=\"font-weight: 400;\" aria-level=\"1\"><span style=\"font-weight: 400;\">Estat\u00edsticas: hora, data, dura\u00e7\u00e3o, n\u00famero do Protocolo de Internet (IP) de sua conex\u00e3o, para uso interno e an\u00e1lise para entender melhor como os membros do Reposit\u00f3rio usam os diferentes servi\u00e7os.\u00a0<\/span><\/li><li style=\"font-weight: 400;\" aria-level=\"1\"><span style=\"font-weight: 400;\">Cookies: usamos cookies porque eles s\u00e3o necess\u00e1rios para que o site funcione e para que a\u00e7\u00f5es b\u00e1sicas estejam dispon\u00edveis, como navega\u00e7\u00e3o e acesso a zonas seguras. Voc\u00ea pode optar por desativar todos ou alguns cookies por meio de seu navegador (Chrome, Safari, Microsoft Edge, etc.).<\/span><\/li><li style=\"font-weight: 400;\" aria-level=\"1\"><span style=\"font-weight: 400;\">Enviar e-mails peri\u00f3dicos com o objetivo de compartilhar novos recursos, informar quaisquer altera\u00e7\u00f5es no Reposit\u00f3rio ou em suas Pol\u00edticas, eventos, caso voc\u00ea assine o boletim informativo.\u00a0<\/span><\/li><li style=\"font-weight: 400;\" aria-level=\"1\"><span style=\"font-weight: 400;\">Ser capaz de responder \u00e0s solicita\u00e7\u00f5es do usu\u00e1rio (e-mail, consultas telef\u00f4nicas).<\/span><\/li><li style=\"font-weight: 400;\" aria-level=\"1\"><span style=\"font-weight: 400;\">Personalize sua experi\u00eancia no Reposit\u00f3rio, que pode ser a possibilidade de criar suas pr\u00f3prias compila\u00e7\u00f5es com conte\u00fado de seu interesse depois de criar uma conta.\u00a0<\/span><\/li><li style=\"font-weight: 400;\" aria-level=\"1\"><span style=\"font-weight: 400;\">Manter um ambiente saud\u00e1vel e seguro na plataforma.\u00a0<\/span><\/li><\/ul><p><b><br \/>2.2. Tratamento das PII<\/b><\/p><p><span style=\"font-weight: 400;\">N\u00e3o vendemos, trocamos ou transferimos a terceiros suas informa\u00e7\u00f5es pessoais identific\u00e1veis coletadas ou enviadas a este Reposit\u00f3rio.\u00a0<\/span><\/p><p><span style=\"font-weight: 400;\">N\u00e3o transferimos suas informa\u00e7\u00f5es para terceiros, a n\u00e3o ser para a administra\u00e7\u00e3o do Reposit\u00f3rio para os fins detalhados anteriormente. Somente divulgaremos informa\u00e7\u00f5es quando consultados previamente com o propriet\u00e1rio dos dados, ou para cumprir a lei, ou para aplicar as pol\u00edticas do nosso site.<\/span><\/p><p><span style=\"font-weight: 400;\">Todas as informa\u00e7\u00f5es, como as estat\u00edsticas do site descritas nesta pol\u00edtica ou as informa\u00e7\u00f5es de identifica\u00e7\u00e3o pessoal que voc\u00ea compartilhou voluntariamente conosco, s\u00e3o protegidas por criptografia em nossos servidores.\u00a0<\/span><\/p><p><b>3. Como notificaremos quaisquer altera\u00e7\u00f5es em nossa Pol\u00edtica de Privacidade?<\/b><\/p><p><span style=\"font-weight: 400;\">A vers\u00e3o mais recente de nossa Pol\u00edtica estar\u00e1 sempre dispon\u00edvel no site. As altera\u00e7\u00f5es ser\u00e3o notificadas por meio de um pop-up no site ou por e-mail e, como usu\u00e1rio, voc\u00ea ter\u00e1 a op\u00e7\u00e3o de continuar ou n\u00e3o usufruindo dos servi\u00e7os que o Reposit\u00f3rio tem a oferecer.<\/span><\/p><p><b>4. Seus direitos<\/b><\/p><p><span style=\"font-weight: 400;\">Se voc\u00ea tiver uma conta ou usar qualquer servi\u00e7o do Reposit\u00f3rio, poder\u00e1 exercer seus direitos de verifica\u00e7\u00e3o, modifica\u00e7\u00e3o ou exclus\u00e3o de seus dados pessoais. No caso de uma solicita\u00e7\u00e3o relacionada ao exerc\u00edcio de quaisquer outros direitos, seus dados pessoais podem ser inseridos por e-mail e devem conter as seguintes informa\u00e7\u00f5es:<\/span><\/p><ol><li style=\"font-weight: 400;\" aria-level=\"1\"><span style=\"font-weight: 400;\">Nome do propriet\u00e1rio das PII<\/span><\/li><li style=\"font-weight: 400;\" aria-level=\"1\"><span style=\"font-weight: 400;\">Um documento que credita a propriedade dos dados<\/span><\/li><li style=\"font-weight: 400;\" aria-level=\"1\"><span style=\"font-weight: 400;\">Uma descri\u00e7\u00e3o clara dos Dados de Identifica\u00e7\u00e3o Pessoal sobre os quais voc\u00ea gostaria de exercer um direito<\/span><\/li><li style=\"font-weight: 400;\" aria-level=\"1\"><span style=\"font-weight: 400;\">A consulta de seus Dados de Identifica\u00e7\u00e3o Pessoal (verifica\u00e7\u00e3o, modifica\u00e7\u00e3o ou exclus\u00e3o)<\/span><\/li><li style=\"font-weight: 400;\" aria-level=\"1\"><span style=\"font-weight: 400;\"><span style=\"font-weight: 400;\"><span style=\"font-weight: 400;\">Elementos que nos permitir\u00e3o encontrar os Dados de Identifica\u00e7\u00e3o Pessoal em quest\u00e3o (sua conta, qual servi\u00e7o voc\u00ea usou)<\/span><\/span><\/span><p>\u00a0<\/p><\/li><\/ol><p><b>5. Entre em contato conosco<\/b><\/p><ul><li style=\"font-weight: 400;\" aria-level=\"1\"><span style=\"font-weight: 400;\">Para quaisquer d\u00favidas ou reclama\u00e7\u00f5es relacionadas aos seus dados pessoais, entre em contato conosco: <\/span><span style=\"font-weight: 400;\"><a href=\"mailto:cnlearning@apc.org\" target=\"_blank\" rel=\"noopener\">cnlearning@apc.org<\/a><\/span><\/li><\/ul>\t\t\t\t\t\t\t\t<\/div>\n\t\t\t\t<\/div>\n\t\t\t\t\t<\/div>\n\t\t<\/div>\n\t\t\t\t\t<\/div>\n\t\t<\/section>\n\t\t\t\t<\/div>","protected":false},"excerpt":{"rendered":"<p>Our Privacy Policy Community Networks Learning Repository Your privacy and rights over your personal data is very important to us, and this Privacy Policy describes how we collect and use your information when you use any of the services of the Repository. We use what the law considers Personal Identifiable Information (PII) in order to [&hellip;]<\/p>\n","protected":false},"author":1,"featured_media":0,"parent":0,"menu_order":0,"comment_status":"closed","ping_status":"open","template":"elementor_header_footer","meta":{"_acf_changed":false,"footnotes":""},"class_list":["post-3","page","type-page","status-publish","hentry"],"acf":[],"_links":{"self":[{"href":"https:\/\/cnlearning.apc.org\/pt\/wp-json\/wp\/v2\/pages\/3","targetHints":{"allow":["GET"]}}],"collection":[{"href":"https:\/\/cnlearning.apc.org\/pt\/wp-json\/wp\/v2\/pages"}],"about":[{"href":"https:\/\/cnlearning.apc.org\/pt\/wp-json\/wp\/v2\/types\/page"}],"author":[{"embeddable":true,"href":"https:\/\/cnlearning.apc.org\/pt\/wp-json\/wp\/v2\/users\/1"}],"replies":[{"embeddable":true,"href":"https:\/\/cnlearning.apc.org\/pt\/wp-json\/wp\/v2\/comments?post=3"}],"version-history":[{"count":36,"href":"https:\/\/cnlearning.apc.org\/pt\/wp-json\/wp\/v2\/pages\/3\/revisions"}],"predecessor-version":[{"id":989,"href":"https:\/\/cnlearning.apc.org\/pt\/wp-json\/wp\/v2\/pages\/3\/revisions\/989"}],"wp:attachment":[{"href":"https:\/\/cnlearning.apc.org\/pt\/wp-json\/wp\/v2\/media?parent=3"}],"curies":[{"name":"wp","href":"https:\/\/api.w.org\/{rel}","templated":true}]}}