{"id":3738,"date":"2024-12-04T10:40:46","date_gmt":"2024-12-04T15:40:46","guid":{"rendered":"https:\/\/cnlearning.apc.org\/?page_id=3738"},"modified":"2025-09-10T04:41:09","modified_gmt":"2025-09-10T09:41:09","slug":"noticias","status":"publish","type":"page","link":"https:\/\/cnlearning.apc.org\/pt\/noticias\/","title":{"rendered":"Not\u00edcias"},"content":{"rendered":"<div data-elementor-type=\"wp-page\" data-elementor-id=\"3738\" class=\"elementor elementor-3738\" data-elementor-post-type=\"page\">\n\t\t\t\t\t\t<section data-particle_enable=\"false\" data-particle-mobile-disabled=\"false\" class=\"elementor-section elementor-top-section elementor-element elementor-element-f198b2d elementor-section-boxed elementor-section-height-default elementor-section-height-default\" data-id=\"f198b2d\" data-element_type=\"section\" data-e-type=\"section\" id=\"News\" data-settings=\"{&quot;background_background&quot;:&quot;classic&quot;}\">\n\t\t\t\t\t\t<div class=\"elementor-container elementor-column-gap-default\">\n\t\t\t\t\t<div class=\"elementor-column elementor-col-100 elementor-top-column elementor-element elementor-element-dd9fe02\" data-id=\"dd9fe02\" data-element_type=\"column\" data-e-type=\"column\">\n\t\t\t<div class=\"elementor-widget-wrap elementor-element-populated\">\n\t\t\t\t\t\t<div class=\"elementor-element elementor-element-e337948 elementor-widget elementor-widget-heading\" data-id=\"e337948\" data-element_type=\"widget\" data-e-type=\"widget\" data-widget_type=\"heading.default\">\n\t\t\t\t<div class=\"elementor-widget-container\">\n\t\t\t\t\t<h2 class=\"elementor-heading-title elementor-size-default\">Not\u00edcias<\/h2>\t\t\t\t<\/div>\n\t\t\t\t<\/div>\n\t\t\t\t<div class=\"elementor-element elementor-element-acbd671 elementor-widget elementor-widget-wp-widget-rss\" data-id=\"acbd671\" data-element_type=\"widget\" data-e-type=\"widget\" data-widget_type=\"wp-widget-rss.default\">\n\t\t\t\t<div class=\"elementor-widget-container\">\n\t\t\t\t\t<h5><a class=\"rsswidget rss-widget-feed\" href=\"https:\/\/www.apc.org\/en\/rss.xml\"><img decoding=\"async\" class=\"rss-widget-icon\" style=\"border:0\" width=\"14\" height=\"14\" src=\"https:\/\/cnlearning.apc.org\/wp-includes\/images\/rss.png\" alt=\"RSS\" \/><\/a> <a class=\"rsswidget rss-widget-title\" href=\"https:\/\/www.apc.org\/en\">\u00daltimas not\u00edcias da APC<\/a><\/h5><ul><li><a class='rsswidget' href='https:\/\/www.apc.org\/en\/blog\/chinese-lesson-human-rights-approach-ai'>The Chinese lesson on the human rights approach to AI<\/a> <span class=\"rss-date\">maio 4, 2026<\/span><div class=\"rssSummary\">China&#039;s AI development strategy serves as a case study on balancing the state, the machine, and people\u2019s power.<\/div> <cite>Oiwan Lam<\/cite><\/li><li><a class='rsswidget' href='https:\/\/www.apc.org\/en\/news\/community-networks-newsletter-raising-voices-community-centred-connectivity-initiatives-policy'>Boletim informativo das redes comunit\u00e1rias: Amplificando as vozes das iniciativas de conectividade centradas na comunidade na defesa de pol\u00edticas<\/a> <span class=\"rss-date\">30 de abril de 2026<\/span><div class=\"rssSummary\"><\/div> <cite>APCNews<\/cite><\/li><li><a class='rsswidget' href='https:\/\/www.apc.org\/en\/blog\/need-generate-more-questions-pleasant-answers'>Sobre a necessidade de gerar mais perguntas do que respostas agrad\u00e1veis<\/a> <span class=\"rss-date\">30 de abril de 2026<\/span><div class=\"rssSummary\"><\/div> <cite>D\u00e9bora Prado<\/cite><\/li><li><a class='rsswidget' href='https:\/\/www.apc.org\/en\/pubs\/over-130-organisations-condemn-government-zambias-abrupt-disruption-rightscon'>Mais de 130 organiza\u00e7\u00f5es condenam a interrup\u00e7\u00e3o abrupta pelo Governo da Z\u00e2mbia do RightsCon<\/a> <span class=\"rss-date\">30 de abril de 2026<\/span><div class=\"rssSummary\"><\/div> <cite>Diversos<\/cite><\/li><li><a class='rsswidget' href='https:\/\/www.apc.org\/en\/news\/apc-29th-annual-session-un-commission-science-and-technology-development-paving-way-enable'>APC na 29\u00aa sess\u00e3o anual da Comiss\u00e3o das Na\u00e7\u00f5es Unidas sobre Ci\u00eancia e Tecnologia para o Desenvolvimento: abrindo caminho para possibilitar a participa\u00e7\u00e3o e defender os direitos humanos<\/a> <span class=\"rss-date\">29 de abril de 2026<\/span><div class=\"rssSummary\">A 29\u00aa sess\u00e3o da Comiss\u00e3o de Ci\u00eancia e Tecnologia para o Desenvolvimento (CSTD) acabou de acontecer em abril de 2026. Tornou-se uma oportunidade valiosa para discutir o desafio subsequente de colocar o\u2026<\/div> <cite>APCNews<\/cite><\/li><li><a class='rsswidget' href='https:\/\/www.apc.org\/en\/pubs\/40-organizations-worldwide-urge-meta-stop-financially-enabling-settler-violence-against'>Mais de 40 organiza\u00e7\u00f5es mundiais pedem \u00e0 Meta que pare de financiar a viol\u00eancia de colonos contra palestinos.<\/a> <span class=\"rss-date\">28 de abril de 2026<\/span><div class=\"rssSummary\"><\/div> <cite>Diversos<\/cite><\/li><li><a class='rsswidget' href='https:\/\/www.apc.org\/en\/news\/rightscon-2026-preparatory-recommended-resources'>RightsCon 2026: Recursos recomendados para prepara\u00e7\u00e3o<\/a> <span class=\"rss-date\">28 de abril de 2026<\/span><div class=\"rssSummary\"><\/div> <cite><\/cite><\/li><li><a class='rsswidget' href='https:\/\/www.apc.org\/en\/news\/apc-rightscon-2026'>APC na RightsCon 2026<\/a> <span class=\"rss-date\">27 de abril de 2026<\/span><div class=\"rssSummary\"><\/div> <cite>APCNews<\/cite><\/li><li><a class='rsswidget' href='https:\/\/www.apc.org\/en\/pubs\/apc-priorities-rightscon-2026'>Prioridades da APC para a RightsCon 2026<\/a> <span class=\"rss-date\">27 de abril de 2026<\/span><div class=\"rssSummary\"><\/div> <cite>Associa\u00e7\u00e3o para Comunica\u00e7\u00f5es Progressivas (APC)<\/cite><\/li><li><a class='rsswidget' href='https:\/\/www.apc.org\/en\/blog\/indias-race-adopt-ai-sparks-deeper-question-how-can-technology-respect-human-rights'>A corrida da \u00cdndia para adotar a IA levanta uma quest\u00e3o mais profunda: como a tecnologia pode respeitar os direitos humanos?<\/a> <span class=\"rss-date\">27 de abril de 2026<\/span><div class=\"rssSummary\">O aumento do monitoramento habilitado por IA, como sistemas de reconhecimento facial em esta\u00e7\u00f5es ferrovi\u00e1rias e tecnologias de policiamento preditivo usadas pela pol\u00edcia em diferentes cidades, continuou em grande parte sem\u2026<\/div> <cite>Rezwan<\/cite><\/li><\/ul>\t\t\t\t<\/div>\n\t\t\t\t<\/div>\n\t\t\t\t\t<\/div>\n\t\t<\/div>\n\t\t\t\t\t<\/div>\n\t\t<\/section>\n\t\t\t\t<section data-particle_enable=\"false\" data-particle-mobile-disabled=\"false\" class=\"elementor-section elementor-top-section elementor-element elementor-element-9f4d368 elementor-hidden-desktop elementor-hidden-tablet elementor-hidden-mobile elementor-section-boxed elementor-section-height-default elementor-section-height-default\" data-id=\"9f4d368\" data-element_type=\"section\" data-e-type=\"section\" id=\"Learning_Paths\" data-settings=\"{&quot;background_background&quot;:&quot;classic&quot;}\">\n\t\t\t\t\t\t<div class=\"elementor-container elementor-column-gap-default\">\n\t\t\t\t\t<div class=\"elementor-column elementor-col-100 elementor-top-column elementor-element elementor-element-e585f92\" data-id=\"e585f92\" data-element_type=\"column\" data-e-type=\"column\">\n\t\t\t<div class=\"elementor-widget-wrap elementor-element-populated\">\n\t\t\t\t\t\t<div class=\"elementor-element elementor-element-fe62590 elementor-widget elementor-widget-text-editor\" data-id=\"fe62590\" data-element_type=\"widget\" data-e-type=\"widget\" data-widget_type=\"text-editor.default\">\n\t\t\t\t<div class=\"elementor-widget-container\">\n\t\t\t\t\t\t\t\t\t<h3>Em breve<\/h3>\t\t\t\t\t\t\t\t<\/div>\n\t\t\t\t<\/div>\n\t\t\t\t<div class=\"elementor-element elementor-element-85367d3 elementor-widget elementor-widget-heading\" data-id=\"85367d3\" data-element_type=\"widget\" data-e-type=\"widget\" data-widget_type=\"heading.default\">\n\t\t\t\t<div class=\"elementor-widget-container\">\n\t\t\t\t\t<h2 class=\"elementor-heading-title elementor-size-default\">Caminhos de aprendizado<\/h2>\t\t\t\t<\/div>\n\t\t\t\t<\/div>\n\t\t\t\t<section data-particle_enable=\"false\" data-particle-mobile-disabled=\"false\" class=\"elementor-section elementor-inner-section elementor-element elementor-element-138c82d elementor-section-boxed elementor-section-height-default elementor-section-height-default\" data-id=\"138c82d\" data-element_type=\"section\" data-e-type=\"section\">\n\t\t\t\t\t\t<div class=\"elementor-container elementor-column-gap-default\">\n\t\t\t\t\t<div class=\"elementor-column elementor-col-33 elementor-inner-column elementor-element elementor-element-8eeb423\" data-id=\"8eeb423\" data-element_type=\"column\" data-e-type=\"column\">\n\t\t\t<div class=\"elementor-widget-wrap elementor-element-populated\">\n\t\t\t\t\t\t<div class=\"elementor-element elementor-element-5ebb178 elementor-widget__width-inherit elementor-position-top elementor-widget elementor-widget-image-box\" data-id=\"5ebb178\" data-element_type=\"widget\" data-e-type=\"widget\" data-widget_type=\"image-box.default\">\n\t\t\t\t<div class=\"elementor-widget-container\">\n\t\t\t\t\t<div class=\"elementor-image-box-wrapper\"><figure class=\"elementor-image-box-img\"><img fetchpriority=\"high\" decoding=\"async\" width=\"768\" height=\"599\" src=\"https:\/\/cnlearning.apc.org\/wp-content\/uploads\/2023\/12\/Captura de pantalla 2023-12-04 a les 14.02.07-768x599.png\" class=\"attachment-medium_large size-medium_large wp-image-3107\" alt=\"\" srcset=\"\" sizes=\"(max-width: 768px) 100vw, 768px\" data-srcset=\"\" \/><\/figure><div class=\"elementor-image-box-content\"><h4 class=\"elementor-image-box-title\">Provedores de conectividade centrados na comunidade<\/h4><\/div><\/div>\t\t\t\t<\/div>\n\t\t\t\t<\/div>\n\t\t\t\t\t<\/div>\n\t\t<\/div>\n\t\t\t\t<div class=\"elementor-column elementor-col-33 elementor-inner-column elementor-element elementor-element-c0ca122\" data-id=\"c0ca122\" data-element_type=\"column\" data-e-type=\"column\">\n\t\t\t<div class=\"elementor-widget-wrap elementor-element-populated\">\n\t\t\t\t\t\t<div class=\"elementor-element elementor-element-079cd53 elementor-widget__width-inherit elementor-position-top elementor-widget elementor-widget-image-box\" data-id=\"079cd53\" data-element_type=\"widget\" data-e-type=\"widget\" data-widget_type=\"image-box.default\">\n\t\t\t\t<div class=\"elementor-widget-container\">\n\t\t\t\t\t<div class=\"elementor-image-box-wrapper\"><figure class=\"elementor-image-box-img\"><img decoding=\"async\" width=\"768\" height=\"432\" src=\"https:\/\/cnlearning.apc.org\/wp-content\/uploads\/2023\/11\/2-768x432.jpg\" class=\"attachment-medium_large size-medium_large wp-image-2774\" alt=\"\" srcset=\"https:\/\/cnlearning.apc.org\/wp-content\/uploads\/2023\/11\/2-768x432.jpg 768w, https:\/\/cnlearning.apc.org\/wp-content\/uploads\/2023\/11\/2-300x169.jpg 300w, https:\/\/cnlearning.apc.org\/wp-content\/uploads\/2023\/11\/2-1024x576.jpg 1024w, https:\/\/cnlearning.apc.org\/wp-content\/uploads\/2023\/11\/2-1536x864.jpg 1536w, https:\/\/cnlearning.apc.org\/wp-content\/uploads\/2023\/11\/2-2048x1152.jpg 2048w, https:\/\/cnlearning.apc.org\/wp-content\/uploads\/2023\/11\/2-18x10.jpg 18w\" sizes=\"(max-width: 768px) 100vw, 768px\" \/><\/figure><div class=\"elementor-image-box-content\"><h4 class=\"elementor-image-box-title\">Autonomia tecnol\u00f3gica e inova\u00e7\u00e3o local<\/h4><\/div><\/div>\t\t\t\t<\/div>\n\t\t\t\t<\/div>\n\t\t\t\t\t<\/div>\n\t\t<\/div>\n\t\t\t\t<div class=\"elementor-column elementor-col-33 elementor-inner-column elementor-element elementor-element-d928a03\" data-id=\"d928a03\" data-element_type=\"column\" data-e-type=\"column\">\n\t\t\t<div class=\"elementor-widget-wrap elementor-element-populated\">\n\t\t\t\t\t\t<div class=\"elementor-element elementor-element-0c7dcda elementor-widget__width-inherit elementor-position-top elementor-widget elementor-widget-image-box\" data-id=\"0c7dcda\" data-element_type=\"widget\" data-e-type=\"widget\" data-widget_type=\"image-box.default\">\n\t\t\t\t<div class=\"elementor-widget-container\">\n\t\t\t\t\t<div class=\"elementor-image-box-wrapper\"><figure class=\"elementor-image-box-img\"><img loading=\"lazy\" decoding=\"async\" width=\"768\" height=\"512\" src=\"https:\/\/cnlearning.apc.org\/wp-content\/uploads\/2023\/11\/3-768x512.jpg\" class=\"attachment-medium_large size-medium_large wp-image-2775\" alt=\"\" srcset=\"https:\/\/cnlearning.apc.org\/wp-content\/uploads\/2023\/11\/3-768x512.jpg 768w, https:\/\/cnlearning.apc.org\/wp-content\/uploads\/2023\/11\/3-300x200.jpg 300w, https:\/\/cnlearning.apc.org\/wp-content\/uploads\/2023\/11\/3-1024x683.jpg 1024w, https:\/\/cnlearning.apc.org\/wp-content\/uploads\/2023\/11\/3-1536x1024.jpg 1536w, https:\/\/cnlearning.apc.org\/wp-content\/uploads\/2023\/11\/3-2048x1365.jpg 2048w, https:\/\/cnlearning.apc.org\/wp-content\/uploads\/2023\/11\/3-18x12.jpg 18w\" sizes=\"(max-width: 768px) 100vw, 768px\" \/><\/figure><div class=\"elementor-image-box-content\"><h4 class=\"elementor-image-box-title\">G\u00eanero e inclus\u00e3o digital<\/h4><\/div><\/div>\t\t\t\t<\/div>\n\t\t\t\t<\/div>\n\t\t\t\t\t<\/div>\n\t\t<\/div>\n\t\t\t\t\t<\/div>\n\t\t<\/section>\n\t\t\t\t<section data-particle_enable=\"false\" data-particle-mobile-disabled=\"false\" class=\"elementor-section elementor-inner-section elementor-element elementor-element-2836e1f elementor-section-boxed elementor-section-height-default elementor-section-height-default\" data-id=\"2836e1f\" data-element_type=\"section\" data-e-type=\"section\">\n\t\t\t\t\t\t<div class=\"elementor-container elementor-column-gap-default\">\n\t\t\t\t\t<div class=\"elementor-column elementor-col-33 elementor-inner-column elementor-element elementor-element-9d3bcf7\" data-id=\"9d3bcf7\" data-element_type=\"column\" data-e-type=\"column\">\n\t\t\t<div class=\"elementor-widget-wrap elementor-element-populated\">\n\t\t\t\t\t\t<div class=\"elementor-element elementor-element-889ad07 elementor-widget__width-inherit elementor-position-top elementor-widget elementor-widget-image-box\" data-id=\"889ad07\" data-element_type=\"widget\" data-e-type=\"widget\" data-widget_type=\"image-box.default\">\n\t\t\t\t<div class=\"elementor-widget-container\">\n\t\t\t\t\t<div class=\"elementor-image-box-wrapper\"><figure class=\"elementor-image-box-img\"><img loading=\"lazy\" decoding=\"async\" width=\"705\" height=\"393\" src=\"https:\/\/cnlearning.apc.org\/wp-content\/uploads\/2023\/05\/nigeriannationalschool_day1_photocitad-1.jpeg\" class=\"attachment-medium_large size-medium_large wp-image-1851\" alt=\"\" srcset=\"https:\/\/cnlearning.apc.org\/wp-content\/uploads\/2023\/05\/nigeriannationalschool_day1_photocitad-1.jpeg 705w, https:\/\/cnlearning.apc.org\/wp-content\/uploads\/2023\/05\/nigeriannationalschool_day1_photocitad-1-300x167.jpeg 300w, https:\/\/cnlearning.apc.org\/wp-content\/uploads\/2023\/05\/nigeriannationalschool_day1_photocitad-1-18x10.jpeg 18w\" sizes=\"(max-width: 705px) 100vw, 705px\" \/><\/figure><div class=\"elementor-image-box-content\"><h4 class=\"elementor-image-box-title\">Pol\u00edtica e regulamenta\u00e7\u00e3o<\/h4><\/div><\/div>\t\t\t\t<\/div>\n\t\t\t\t<\/div>\n\t\t\t\t\t<\/div>\n\t\t<\/div>\n\t\t\t\t<div class=\"elementor-column elementor-col-33 elementor-inner-column elementor-element elementor-element-2b93a47\" data-id=\"2b93a47\" data-element_type=\"column\" data-e-type=\"column\">\n\t\t\t<div class=\"elementor-widget-wrap elementor-element-populated\">\n\t\t\t\t\t\t<div class=\"elementor-element elementor-element-ed2ca69 elementor-widget__width-inherit elementor-position-top elementor-widget elementor-widget-image-box\" data-id=\"ed2ca69\" data-element_type=\"widget\" data-e-type=\"widget\" data-widget_type=\"image-box.default\">\n\t\t\t\t<div class=\"elementor-widget-container\">\n\t\t\t\t\t<div class=\"elementor-image-box-wrapper\"><figure class=\"elementor-image-box-img\"><img loading=\"lazy\" decoding=\"async\" width=\"768\" height=\"767\" src=\"https:\/\/cnlearning.apc.org\/wp-content\/uploads\/2023\/05\/277001644_5279778428744401_7326468404941727829_n-768x767.jpg\" class=\"attachment-medium_large size-medium_large wp-image-1876\" alt=\"\" srcset=\"https:\/\/cnlearning.apc.org\/wp-content\/uploads\/2023\/05\/277001644_5279778428744401_7326468404941727829_n-768x767.jpg 768w, https:\/\/cnlearning.apc.org\/wp-content\/uploads\/2023\/05\/277001644_5279778428744401_7326468404941727829_n-300x300.jpg 300w, https:\/\/cnlearning.apc.org\/wp-content\/uploads\/2023\/05\/277001644_5279778428744401_7326468404941727829_n-1024x1024.jpg 1024w, https:\/\/cnlearning.apc.org\/wp-content\/uploads\/2023\/05\/277001644_5279778428744401_7326468404941727829_n-150x150.jpg 150w, https:\/\/cnlearning.apc.org\/wp-content\/uploads\/2023\/05\/277001644_5279778428744401_7326468404941727829_n-12x12.jpg 12w, https:\/\/cnlearning.apc.org\/wp-content\/uploads\/2023\/05\/277001644_5279778428744401_7326468404941727829_n.jpg 1440w\" sizes=\"(max-width: 768px) 100vw, 768px\" \/><\/figure><div class=\"elementor-image-box-content\"><h4 class=\"elementor-image-box-title\">Organiza\u00e7\u00e3o e manuten\u00e7\u00e3o de redes comunit\u00e1rias<\/h4><\/div><\/div>\t\t\t\t<\/div>\n\t\t\t\t<\/div>\n\t\t\t\t\t<\/div>\n\t\t<\/div>\n\t\t\t\t<div class=\"elementor-column elementor-col-33 elementor-inner-column elementor-element elementor-element-be98a6f\" data-id=\"be98a6f\" data-element_type=\"column\" data-e-type=\"column\">\n\t\t\t<div class=\"elementor-widget-wrap elementor-element-populated\">\n\t\t\t\t\t\t<div class=\"elementor-element elementor-element-f650df4 elementor-widget__width-inherit elementor-position-top elementor-widget elementor-widget-image-box\" data-id=\"f650df4\" data-element_type=\"widget\" data-e-type=\"widget\" data-widget_type=\"image-box.default\">\n\t\t\t\t<div class=\"elementor-widget-container\">\n\t\t\t\t\t<div class=\"elementor-image-box-wrapper\"><figure class=\"elementor-image-box-img\"><img loading=\"lazy\" decoding=\"async\" width=\"768\" height=\"1152\" src=\"https:\/\/cnlearning.apc.org\/wp-content\/uploads\/2023\/05\/00000024-768x1152.jpg\" class=\"attachment-medium_large size-medium_large wp-image-1907\" alt=\"\" srcset=\"https:\/\/cnlearning.apc.org\/wp-content\/uploads\/2023\/05\/00000024-768x1152.jpg 768w, https:\/\/cnlearning.apc.org\/wp-content\/uploads\/2023\/05\/00000024-200x300.jpg 200w, https:\/\/cnlearning.apc.org\/wp-content\/uploads\/2023\/05\/00000024-683x1024.jpg 683w, https:\/\/cnlearning.apc.org\/wp-content\/uploads\/2023\/05\/00000024-1024x1536.jpg 1024w, https:\/\/cnlearning.apc.org\/wp-content\/uploads\/2023\/05\/00000024-1365x2048.jpg 1365w, https:\/\/cnlearning.apc.org\/wp-content\/uploads\/2023\/05\/00000024-8x12.jpg 8w, https:\/\/cnlearning.apc.org\/wp-content\/uploads\/2023\/05\/00000024-scaled.jpg 1707w\" sizes=\"(max-width: 768px) 100vw, 768px\" \/><\/figure><div class=\"elementor-image-box-content\"><h4 class=\"elementor-image-box-title\">R\u00e1dio e comunica\u00e7\u00e3o<\/h4><\/div><\/div>\t\t\t\t<\/div>\n\t\t\t\t<\/div>\n\t\t\t\t\t<\/div>\n\t\t<\/div>\n\t\t\t\t\t<\/div>\n\t\t<\/section>\n\t\t\t\t\t<\/div>\n\t\t<\/div>\n\t\t\t\t\t<\/div>\n\t\t<\/section>\n\t\t\t\t<\/div>","protected":false},"excerpt":{"rendered":"<p>Not\u00edcias Em breve Caminhos de aprendizagem Provedores de conectividade centrados na comunidade Autonomia tecnol\u00f3gica e inova\u00e7\u00e3o local G\u00eanero e inclus\u00e3o digital Pol\u00edtica e regulamenta\u00e7\u00e3o Organiza\u00e7\u00e3o e manuten\u00e7\u00e3o de redes comunit\u00e1rias R\u00e1dio e comunica\u00e7\u00e3o<\/p>","protected":false},"author":1,"featured_media":0,"parent":0,"menu_order":0,"comment_status":"closed","ping_status":"closed","template":"elementor_header_footer","meta":{"_acf_changed":false,"footnotes":""},"class_list":["post-3738","page","type-page","status-publish","hentry"],"acf":[],"_links":{"self":[{"href":"https:\/\/cnlearning.apc.org\/pt\/wp-json\/wp\/v2\/pages\/3738","targetHints":{"allow":["GET"]}}],"collection":[{"href":"https:\/\/cnlearning.apc.org\/pt\/wp-json\/wp\/v2\/pages"}],"about":[{"href":"https:\/\/cnlearning.apc.org\/pt\/wp-json\/wp\/v2\/types\/page"}],"author":[{"embeddable":true,"href":"https:\/\/cnlearning.apc.org\/pt\/wp-json\/wp\/v2\/users\/1"}],"replies":[{"embeddable":true,"href":"https:\/\/cnlearning.apc.org\/pt\/wp-json\/wp\/v2\/comments?post=3738"}],"version-history":[{"count":22,"href":"https:\/\/cnlearning.apc.org\/pt\/wp-json\/wp\/v2\/pages\/3738\/revisions"}],"predecessor-version":[{"id":4138,"href":"https:\/\/cnlearning.apc.org\/pt\/wp-json\/wp\/v2\/pages\/3738\/revisions\/4138"}],"wp:attachment":[{"href":"https:\/\/cnlearning.apc.org\/pt\/wp-json\/wp\/v2\/media?parent=3738"}],"curies":[{"name":"wp","href":"https:\/\/api.w.org\/{rel}","templated":true}]}}